{"id":763,"date":"2019-07-25T09:36:00","date_gmt":"2019-07-25T09:36:00","guid":{"rendered":"https:\/\/matchthemes.com\/testin\/?page_id=763"},"modified":"2023-08-23T12:44:49","modified_gmt":"2023-08-23T10:44:49","slug":"contacto","status":"publish","type":"page","link":"https:\/\/restaurantexiri.com\/en\/contacto\/","title":{"rendered":"CONTACT"},"content":{"rendered":"<div data-elementor-type=\"wp-post\" data-elementor-id=\"763\" class=\"elementor elementor-763\">\n\t\t\t\t\t\t<section class=\"elementor-section elementor-top-section elementor-element elementor-element-7b93eb9 elementor-section-full_width ban elementor-section-height-default elementor-section-height-default wpr-particle-no wpr-jarallax-no wpr-parallax-no wpr-sticky-section-no wpr-equal-height-no\" data-id=\"7b93eb9\" data-element_type=\"section\" data-e-type=\"section\">\n\t\t\t\t\t\t<div class=\"elementor-container elementor-column-gap-default\">\n\t\t\t\t\t<div class=\"elementor-column elementor-col-100 elementor-top-column elementor-element elementor-element-6c1e7e0\" data-id=\"6c1e7e0\" data-element_type=\"column\" data-e-type=\"column\" data-settings=\"{&quot;background_background&quot;:&quot;classic&quot;}\">\n\t\t\t<div class=\"elementor-widget-wrap elementor-element-populated\">\n\t\t\t\t\t<div class=\"elementor-background-overlay\"><\/div>\n\t\t\t\t\t\t<div class=\"elementor-element elementor-element-db8afb9 elementor-widget elementor-widget-heading\" data-id=\"db8afb9\" data-element_type=\"widget\" data-e-type=\"widget\" data-widget_type=\"heading.default\">\n\t\t\t\t<div class=\"elementor-widget-container\">\n\t\t\t\t\t<h2 class=\"elementor-heading-title elementor-size-default\">CONTACT<\/h2>\t\t\t\t<\/div>\n\t\t\t\t<\/div>\n\t\t\t\t<div class=\"elementor-element elementor-element-707d7f8 elementor-widget elementor-widget-text-editor\" data-id=\"707d7f8\" data-element_type=\"widget\" data-e-type=\"widget\" data-widget_type=\"text-editor.default\">\n\t\t\t\t<div class=\"elementor-widget-container\">\n\t\t\t\t\t\t\t\t\t<p>Our location<\/p>\t\t\t\t\t\t\t\t<\/div>\n\t\t\t\t<\/div>\n\t\t\t\t\t<\/div>\n\t\t<\/div>\n\t\t\t\t\t<\/div>\n\t\t<\/section>\n\t\t\t\t<section class=\"elementor-section elementor-top-section elementor-element elementor-element-e2aaf7d elementor-section-boxed elementor-section-height-default elementor-section-height-default wpr-particle-no wpr-jarallax-no wpr-parallax-no wpr-sticky-section-no wpr-equal-height-no\" data-id=\"e2aaf7d\" data-element_type=\"section\" data-e-type=\"section\">\n\t\t\t\t\t\t<div class=\"elementor-container elementor-column-gap-default\">\n\t\t\t\t\t<div class=\"elementor-column elementor-col-33 elementor-top-column elementor-element elementor-element-4082abe\" data-id=\"4082abe\" data-element_type=\"column\" data-e-type=\"column\">\n\t\t\t<div class=\"elementor-widget-wrap elementor-element-populated\">\n\t\t\t\t\t\t<div class=\"elementor-element elementor-element-a8e66e7 elementor-widget elementor-widget-image\" data-id=\"a8e66e7\" data-element_type=\"widget\" data-e-type=\"widget\" data-widget_type=\"image.default\">\n\t\t\t\t<div class=\"elementor-widget-container\">\n\t\t\t\t\t\t\t\t\t\t\t\t\t\t\t<img fetchpriority=\"high\" decoding=\"async\" width=\"1900\" height=\"1187\" src=\"https:\/\/restaurantexiri.com\/wp-content\/uploads\/2016\/02\/R_MG_3574.jpg\" class=\"attachment-full size-full wp-image-4809\" alt=\"\" srcset=\"https:\/\/restaurantexiri.com\/wp-content\/uploads\/2016\/02\/R_MG_3574.jpg 1900w, https:\/\/restaurantexiri.com\/wp-content\/uploads\/2016\/02\/R_MG_3574-300x187.jpg 300w, https:\/\/restaurantexiri.com\/wp-content\/uploads\/2016\/02\/R_MG_3574-1024x640.jpg 1024w\" sizes=\"(max-width: 1900px) 100vw, 1900px\" \/>\t\t\t\t\t\t\t\t\t\t\t\t\t\t\t<\/div>\n\t\t\t\t<\/div>\n\t\t\t\t<section class=\"elementor-section elementor-inner-section elementor-element elementor-element-184c503 elementor-section-boxed elementor-section-height-default elementor-section-height-default wpr-particle-no wpr-jarallax-no wpr-parallax-no wpr-sticky-section-no wpr-equal-height-no\" data-id=\"184c503\" data-element_type=\"section\" data-e-type=\"section\" data-settings=\"{&quot;background_background&quot;:&quot;classic&quot;}\">\n\t\t\t\t\t\t<div class=\"elementor-container elementor-column-gap-default\">\n\t\t\t\t\t<div class=\"elementor-column elementor-col-100 elementor-inner-column elementor-element elementor-element-762805c\" data-id=\"762805c\" data-element_type=\"column\" data-e-type=\"column\">\n\t\t\t<div class=\"elementor-widget-wrap elementor-element-populated\">\n\t\t\t\t\t\t<div class=\"elementor-element elementor-element-544f7b5 elementor-position-inline-start elementor-view-default elementor-mobile-position-block-start elementor-widget elementor-widget-icon-box\" data-id=\"544f7b5\" data-element_type=\"widget\" data-e-type=\"widget\" data-widget_type=\"icon-box.default\">\n\t\t\t\t<div class=\"elementor-widget-container\">\n\t\t\t\t\t\t\t<div class=\"elementor-icon-box-wrapper\">\n\n\t\t\t\t\t\t<div class=\"elementor-icon-box-icon\">\n\t\t\t\t<span  class=\"elementor-icon\">\n\t\t\t\t<i aria-hidden=\"true\" class=\"fas fa-map-marker-alt\"><\/i>\t\t\t\t<\/span>\n\t\t\t<\/div>\n\t\t\t\n\t\t\t\t\t\t<div class=\"elementor-icon-box-content\">\n\n\t\t\t\t\t\t\t\t\t<h3 class=\"elementor-icon-box-title\">\n\t\t\t\t\t\t<span  >\n\t\t\t\t\t\t\tADDRESS\t\t\t\t\t\t<\/span>\n\t\t\t\t\t<\/h3>\n\t\t\t\t\n\t\t\t\t\t\t\t\t\t<p class=\"elementor-icon-box-description\">\n\t\t\t\t\t\tPasseig de les Moreres, 15\n03640 Mon\u00f2ver, Alicante\t\t\t\t\t<\/p>\n\t\t\t\t\n\t\t\t<\/div>\n\t\t\t\n\t\t<\/div>\n\t\t\t\t\t\t<\/div>\n\t\t\t\t<\/div>\n\t\t\t\t<div class=\"elementor-element elementor-element-6c01fc1 elementor-position-inline-start elementor-view-default elementor-mobile-position-block-start elementor-widget elementor-widget-icon-box\" data-id=\"6c01fc1\" data-element_type=\"widget\" data-e-type=\"widget\" data-widget_type=\"icon-box.default\">\n\t\t\t\t<div class=\"elementor-widget-container\">\n\t\t\t\t\t\t\t<div class=\"elementor-icon-box-wrapper\">\n\n\t\t\t\t\t\t<div class=\"elementor-icon-box-icon\">\n\t\t\t\t<a href=\"tel:965472910\" class=\"elementor-icon\" tabindex=\"-1\" aria-label=\"PHONE\">\n\t\t\t\t<i aria-hidden=\"true\" class=\"fas fa-phone-alt\"><\/i>\t\t\t\t<\/a>\n\t\t\t<\/div>\n\t\t\t\n\t\t\t\t\t\t<div class=\"elementor-icon-box-content\">\n\n\t\t\t\t\t\t\t\t\t<h3 class=\"elementor-icon-box-title\">\n\t\t\t\t\t\t<a href=\"tel:965472910\" >\n\t\t\t\t\t\t\tPHONE\t\t\t\t\t\t<\/a>\n\t\t\t\t\t<\/h3>\n\t\t\t\t\n\t\t\t\t\t\t\t\t\t<p class=\"elementor-icon-box-description\">\n\t\t\t\t\t\t965 47 29 10\t\t\t\t\t<\/p>\n\t\t\t\t\n\t\t\t<\/div>\n\t\t\t\n\t\t<\/div>\n\t\t\t\t\t\t<\/div>\n\t\t\t\t<\/div>\n\t\t\t\t<div class=\"elementor-element elementor-element-b916ea4 elementor-position-inline-start elementor-view-default elementor-mobile-position-block-start elementor-widget elementor-widget-icon-box\" data-id=\"b916ea4\" data-element_type=\"widget\" data-e-type=\"widget\" data-widget_type=\"icon-box.default\">\n\t\t\t\t<div class=\"elementor-widget-container\">\n\t\t\t\t\t\t\t<div class=\"elementor-icon-box-wrapper\">\n\n\t\t\t\t\t\t<div class=\"elementor-icon-box-icon\">\n\t\t\t\t<span  class=\"elementor-icon\">\n\t\t\t\t<i aria-hidden=\"true\" class=\"far fa-envelope\"><\/i>\t\t\t\t<\/span>\n\t\t\t<\/div>\n\t\t\t\n\t\t\t\t\t\t<div class=\"elementor-icon-box-content\">\n\n\t\t\t\t\t\t\t\t\t<h3 class=\"elementor-icon-box-title\">\n\t\t\t\t\t\t<span  >\n\t\t\t\t\t\t\tEMAIL\t\t\t\t\t\t<\/span>\n\t\t\t\t\t<\/h3>\n\t\t\t\t\n\t\t\t\t\t\t\t\t\t<p class=\"elementor-icon-box-description\">\n\t\t\t\t\t\treservas@restaurantexiri.com\t\t\t\t\t<\/p>\n\t\t\t\t\n\t\t\t<\/div>\n\t\t\t\n\t\t<\/div>\n\t\t\t\t\t\t<\/div>\n\t\t\t\t<\/div>\n\t\t\t\t\t<\/div>\n\t\t<\/div>\n\t\t\t\t\t<\/div>\n\t\t<\/section>\n\t\t\t\t\t<\/div>\n\t\t<\/div>\n\t\t\t\t<div class=\"elementor-column elementor-col-66 elementor-top-column elementor-element elementor-element-05c564a\" data-id=\"05c564a\" data-element_type=\"column\" data-e-type=\"column\">\n\t\t\t<div class=\"elementor-widget-wrap elementor-element-populated\">\n\t\t\t\t\t\t<div class=\"elementor-element elementor-element-d7c770b home-title-el title-headline-el elementor-widget elementor-widget-heading\" data-id=\"d7c770b\" data-element_type=\"widget\" data-e-type=\"widget\" data-widget_type=\"heading.default\">\n\t\t\t\t<div class=\"elementor-widget-container\">\n\t\t\t\t\t<h2 class=\"elementor-heading-title elementor-size-default\">GET IN TOUCH<\/h2>\t\t\t\t<\/div>\n\t\t\t\t<\/div>\n\t\t\t\t<div class=\"elementor-element elementor-element-1ed0d52 elementor-widget elementor-widget-heading\" data-id=\"1ed0d52\" data-element_type=\"widget\" data-e-type=\"widget\" data-widget_type=\"heading.default\">\n\t\t\t\t<div class=\"elementor-widget-container\">\n\t\t\t\t\t<p class=\"elementor-heading-title elementor-size-default\">If you want to contact us, you can do so through the following form. Our team will assist you as soon as possible.<\/p>\t\t\t\t<\/div>\n\t\t\t\t<\/div>\n\t\t\t\t<div class=\"elementor-element elementor-element-2853d59 elementor-widget elementor-widget-shortcode\" data-id=\"2853d59\" data-element_type=\"widget\" data-e-type=\"widget\" data-widget_type=\"shortcode.default\">\n\t\t\t\t<div class=\"elementor-widget-container\">\n\t\t\t\t\t\t\t<div class=\"elementor-shortcode\">\n<div class=\"wpcf7 no-js\" id=\"wpcf7-f4803-o1\" lang=\"es-ES\" dir=\"ltr\" data-wpcf7-id=\"4803\">\n<div class=\"screen-reader-response\"><p role=\"status\" aria-live=\"polite\" aria-atomic=\"true\"><\/p> <ul><\/ul><\/div>\n<form action=\"\/en\/wp-json\/wp\/v2\/pages\/763#wpcf7-f4803-o1\" method=\"post\" class=\"wpcf7-form init\" aria-label=\"Formulario de contacto\" novalidate=\"novalidate\" data-status=\"init\" data-trp-original-action=\"\/en\/wp-json\/wp\/v2\/pages\/763#wpcf7-f4803-o1\">\n<fieldset class=\"hidden-fields-container\"><input type=\"hidden\" name=\"_wpcf7\" value=\"4803\" \/><input type=\"hidden\" name=\"_wpcf7_version\" value=\"6.1.5\" \/><input type=\"hidden\" name=\"_wpcf7_locale\" value=\"es_ES\" \/><input type=\"hidden\" name=\"_wpcf7_unit_tag\" value=\"wpcf7-f4803-o1\" \/><input type=\"hidden\" name=\"_wpcf7_container_post\" value=\"0\" \/><input type=\"hidden\" name=\"_wpcf7_posted_data_hash\" value=\"\" \/>\n<\/fieldset>\n<p><b>Name (*)<\/b>\n<\/p>\n<p><span class=\"wpcf7-form-control-wrap\" data-name=\"your-name\"><input size=\"40\" maxlength=\"400\" class=\"wpcf7-form-control wpcf7-text wpcf7-validates-as-required\" aria-required=\"true\" aria-invalid=\"false\" value=\"\" type=\"text\" name=\"your-name\" \/><\/span>\n<\/p>\n<p><b>Email (*)<\/b>\n<\/p>\n<p><span class=\"wpcf7-form-control-wrap\" data-name=\"your-email\"><input size=\"40\" maxlength=\"400\" class=\"wpcf7-form-control wpcf7-email wpcf7-validates-as-required wpcf7-text wpcf7-validates-as-email\" aria-required=\"true\" aria-invalid=\"false\" value=\"\" type=\"email\" name=\"your-email\" \/><\/span>\n<\/p>\n<p><b>Topic<\/b>\n<\/p>\n<p><span class=\"wpcf7-form-control-wrap\" data-name=\"your-subject\"><input size=\"40\" maxlength=\"400\" class=\"wpcf7-form-control wpcf7-text\" aria-invalid=\"false\" value=\"\" type=\"text\" name=\"your-subject\" \/><\/span>\n<\/p>\n<p><b>Message<\/b>\n<\/p>\n<p><span class=\"wpcf7-form-control-wrap\" data-name=\"your-message\"><textarea cols=\"40\" rows=\"10\" maxlength=\"2000\" class=\"wpcf7-form-control wpcf7-textarea\" aria-invalid=\"false\" name=\"your-message\"><\/textarea><\/span>\n<\/p>\n<p><span class=\"wpcf7-form-control-wrap\" data-name=\"acceptance-975\"><span class=\"wpcf7-form-control wpcf7-acceptance\"><span class=\"wpcf7-list-item\"><label><input type=\"checkbox\" name=\"acceptance-975\" value=\"1\" aria-invalid=\"false\" \/><span class=\"wpcf7-list-item-label\">I have read <a href=\"https:\/\/restaurantexiri.com\/en\/politica-de-privacidad\/\">Privacy policy<\/a><\/span><\/label><\/span><\/span><\/span>\n<\/p>\n<p><b><input class=\"wpcf7-form-control wpcf7-submit has-spinner\" type=\"submit\" value=\"Send\" \/><\/b>\n<\/p><div class=\"wpcf7-response-output\" aria-hidden=\"true\"><\/div>\n<input type=\"hidden\" name=\"trp-form-language\" value=\"en\"\/><\/form>\n<\/div>\n<\/div>\n\t\t\t\t\t\t<\/div>\n\t\t\t\t<\/div>\n\t\t\t\t\t<\/div>\n\t\t<\/div>\n\t\t\t\t\t<\/div>\n\t\t<\/section>\n\t\t\t\t<section class=\"elementor-section elementor-top-section elementor-element elementor-element-3faaace elementor-section-full_width elementor-section-height-default elementor-section-height-default wpr-particle-no wpr-jarallax-no wpr-parallax-no wpr-sticky-section-no wpr-equal-height-no\" data-id=\"3faaace\" data-element_type=\"section\" data-e-type=\"section\">\n\t\t\t\t\t\t<div class=\"elementor-container elementor-column-gap-default\">\n\t\t\t\t\t<div class=\"elementor-column elementor-col-100 elementor-top-column elementor-element elementor-element-420fe3a\" data-id=\"420fe3a\" data-element_type=\"column\" data-e-type=\"column\">\n\t\t\t<div class=\"elementor-widget-wrap elementor-element-populated\">\n\t\t\t\t\t\t<div class=\"elementor-element elementor-element-c5e1086 elementor-widget elementor-widget-text-editor\" data-id=\"c5e1086\" data-element_type=\"widget\" data-e-type=\"widget\" data-widget_type=\"text-editor.default\">\n\t\t\t\t<div class=\"elementor-widget-container\">\n\t\t\t\t\t\t\t\t\t<iframe src=\"https:\/\/www.google.com\/maps\/embed?pb=!1m14!1m8!1m3!1d12501.239437067796!2d-0.8343336!3d38.4343112!3m2!1i1024!2i768!4f13.1!3m3!1m2!1s0xd63c380802e4f1f%3A0x10b4657a9a2dd072!2sRestaurante%20Xiri!5e0!3m2!1ses!2ses!4v1687459760879!5m2!1ses!2ses\" width=\"600\" height=\"450\" style=\"border:0;\" allowfullscreen=\"\" loading=\"lazy\" referrerpolicy=\"no-referrer-when-downgrade\"><\/iframe>\t\t\t\t\t\t\t\t<\/div>\n\t\t\t\t<\/div>\n\t\t\t\t\t<\/div>\n\t\t<\/div>\n\t\t\t\t\t<\/div>\n\t\t<\/section>\n\t\t\t\t<\/div>","protected":false},"excerpt":{"rendered":"<p>CONTACTO D\u00f3nde estamos DIRECCI\u00d3N Passeig de les Moreres, 15 03640 Mon\u00f2ver, Alicante TEL\u00c9FONO 965 47 29 10 EMAIL reservas@restaurantexiri.com ESCR\u00cdBENOS Si quieres contactar con nosotros, puedes hacerlo a trav\u00e9s del siguiente formulario. Nuestro equipo te atender\u00e1 lo antes posible.<\/p>","protected":false},"author":1,"featured_media":0,"parent":0,"menu_order":0,"comment_status":"closed","ping_status":"closed","template":"my-templates\/template-home-elementor.php","meta":{"footnotes":""},"class_list":["post-763","page","type-page","status-publish","hentry"],"acf":[],"yoast_head":"<!-- This site is optimized with the Yoast SEO plugin v27.5 - https:\/\/yoast.com\/product\/yoast-seo-wordpress\/ -->\n<title>Contacto - Restaurante Xiri<\/title>\n<meta name=\"robots\" content=\"index, follow, max-snippet:-1, max-image-preview:large, max-video-preview:-1\" \/>\n<link rel=\"canonical\" href=\"https:\/\/restaurantexiri.com\/en\/contacto\/\" \/>\n<meta property=\"og:locale\" content=\"en_GB\" \/>\n<meta property=\"og:type\" content=\"article\" \/>\n<meta property=\"og:title\" content=\"Contacto - Restaurante Xiri\" \/>\n<meta property=\"og:description\" content=\"CONTACTO D\u00f3nde estamos DIRECCI\u00d3N Passeig de les Moreres, 15 03640 Mon\u00f2ver, Alicante TEL\u00c9FONO 965 47 29 10 EMAIL reservas@restaurantexiri.com ESCR\u00cdBENOS Si quieres contactar con nosotros, puedes hacerlo a trav\u00e9s del siguiente formulario. Nuestro equipo te atender\u00e1 lo antes posible.\" \/>\n<meta property=\"og:url\" content=\"https:\/\/restaurantexiri.com\/en\/contacto\/\" \/>\n<meta property=\"og:site_name\" content=\"Restaurante Xiri\" \/>\n<meta property=\"article:publisher\" content=\"https:\/\/www.facebook.com\/XiriMonovar\/?locale=es_ES\" \/>\n<meta property=\"article:modified_time\" content=\"2023-08-23T10:44:49+00:00\" \/>\n<meta property=\"og:image\" content=\"https:\/\/restaurantexiri.com\/wp-content\/uploads\/2016\/02\/R_MG_3574.jpg\" \/>\n<meta name=\"twitter:card\" content=\"summary_large_image\" \/>\n<meta name=\"twitter:label1\" content=\"Estimated reading time\" \/>\n\t<meta name=\"twitter:data1\" content=\"1 minute\" \/>\n<script type=\"application\/ld+json\" class=\"yoast-schema-graph\">{\"@context\":\"https:\\\/\\\/schema.org\",\"@graph\":[{\"@type\":\"WebPage\",\"@id\":\"https:\\\/\\\/restaurantexiri.com\\\/contacto\\\/\",\"url\":\"https:\\\/\\\/restaurantexiri.com\\\/contacto\\\/\",\"name\":\"Contacto - Restaurante Xiri\",\"isPartOf\":{\"@id\":\"https:\\\/\\\/restaurantexiri.com\\\/#website\"},\"primaryImageOfPage\":{\"@id\":\"https:\\\/\\\/restaurantexiri.com\\\/contacto\\\/#primaryimage\"},\"image\":{\"@id\":\"https:\\\/\\\/restaurantexiri.com\\\/contacto\\\/#primaryimage\"},\"thumbnailUrl\":\"https:\\\/\\\/restaurantexiri.com\\\/wp-content\\\/uploads\\\/2016\\\/02\\\/R_MG_3574.jpg\",\"datePublished\":\"2019-07-25T09:36:00+00:00\",\"dateModified\":\"2023-08-23T10:44:49+00:00\",\"breadcrumb\":{\"@id\":\"https:\\\/\\\/restaurantexiri.com\\\/contacto\\\/#breadcrumb\"},\"inLanguage\":\"en-GB\",\"potentialAction\":[{\"@type\":\"ReadAction\",\"target\":[\"https:\\\/\\\/restaurantexiri.com\\\/contacto\\\/\"]}]},{\"@type\":\"ImageObject\",\"inLanguage\":\"en-GB\",\"@id\":\"https:\\\/\\\/restaurantexiri.com\\\/contacto\\\/#primaryimage\",\"url\":\"https:\\\/\\\/restaurantexiri.com\\\/wp-content\\\/uploads\\\/2016\\\/02\\\/R_MG_3574.jpg\",\"contentUrl\":\"https:\\\/\\\/restaurantexiri.com\\\/wp-content\\\/uploads\\\/2016\\\/02\\\/R_MG_3574.jpg\"},{\"@type\":\"BreadcrumbList\",\"@id\":\"https:\\\/\\\/restaurantexiri.com\\\/contacto\\\/#breadcrumb\",\"itemListElement\":[{\"@type\":\"ListItem\",\"position\":1,\"name\":\"Portada\",\"item\":\"https:\\\/\\\/restaurantexiri.com\\\/\"},{\"@type\":\"ListItem\",\"position\":2,\"name\":\"Contacto\"}]},{\"@type\":\"WebSite\",\"@id\":\"https:\\\/\\\/restaurantexiri.com\\\/#website\",\"url\":\"https:\\\/\\\/restaurantexiri.com\\\/\",\"name\":\"Restaurante Xiri\",\"description\":\"Un restaurante personalidad propia y buenas ra\u00edces\",\"publisher\":{\"@id\":\"https:\\\/\\\/restaurantexiri.com\\\/#organization\"},\"potentialAction\":[{\"@type\":\"SearchAction\",\"target\":{\"@type\":\"EntryPoint\",\"urlTemplate\":\"https:\\\/\\\/restaurantexiri.com\\\/?s={search_term_string}\"},\"query-input\":{\"@type\":\"PropertyValueSpecification\",\"valueRequired\":true,\"valueName\":\"search_term_string\"}}],\"inLanguage\":\"en-GB\"},{\"@type\":\"Organization\",\"@id\":\"https:\\\/\\\/restaurantexiri.com\\\/#organization\",\"name\":\"Restaurante Xiri\",\"url\":\"https:\\\/\\\/restaurantexiri.com\\\/\",\"logo\":{\"@type\":\"ImageObject\",\"inLanguage\":\"en-GB\",\"@id\":\"https:\\\/\\\/restaurantexiri.com\\\/#\\\/schema\\\/logo\\\/image\\\/\",\"url\":\"https:\\\/\\\/restaurantexiri.com\\\/wp-content\\\/uploads\\\/2023\\\/06\\\/logo_xiri.png\",\"contentUrl\":\"https:\\\/\\\/restaurantexiri.com\\\/wp-content\\\/uploads\\\/2023\\\/06\\\/logo_xiri.png\",\"width\":491,\"height\":270,\"caption\":\"Restaurante Xiri\"},\"image\":{\"@id\":\"https:\\\/\\\/restaurantexiri.com\\\/#\\\/schema\\\/logo\\\/image\\\/\"},\"sameAs\":[\"https:\\\/\\\/www.facebook.com\\\/XiriMonovar\\\/?locale=es_ES\"]}]}<\/script>\n<!-- \/ Yoast SEO plugin. -->","yoast_head_json":{"title":"Contacto - Restaurante Xiri","robots":{"index":"index","follow":"follow","max-snippet":"max-snippet:-1","max-image-preview":"max-image-preview:large","max-video-preview":"max-video-preview:-1"},"canonical":"https:\/\/restaurantexiri.com\/en\/contacto\/","og_locale":"en_GB","og_type":"article","og_title":"Contacto - Restaurante Xiri","og_description":"CONTACTO D\u00f3nde estamos DIRECCI\u00d3N Passeig de les Moreres, 15 03640 Mon\u00f2ver, Alicante TEL\u00c9FONO 965 47 29 10 EMAIL reservas@restaurantexiri.com ESCR\u00cdBENOS Si quieres contactar con nosotros, puedes hacerlo a trav\u00e9s del siguiente formulario. Nuestro equipo te atender\u00e1 lo antes posible.","og_url":"https:\/\/restaurantexiri.com\/en\/contacto\/","og_site_name":"Restaurante Xiri","article_publisher":"https:\/\/www.facebook.com\/XiriMonovar\/?locale=es_ES","article_modified_time":"2023-08-23T10:44:49+00:00","og_image":[{"url":"https:\/\/restaurantexiri.com\/wp-content\/uploads\/2016\/02\/R_MG_3574.jpg","type":"","width":"","height":""}],"twitter_card":"summary_large_image","twitter_misc":{"Estimated reading time":"1 minute"},"schema":{"@context":"https:\/\/schema.org","@graph":[{"@type":"WebPage","@id":"https:\/\/restaurantexiri.com\/contacto\/","url":"https:\/\/restaurantexiri.com\/contacto\/","name":"Contacto - Restaurante Xiri","isPartOf":{"@id":"https:\/\/restaurantexiri.com\/#website"},"primaryImageOfPage":{"@id":"https:\/\/restaurantexiri.com\/contacto\/#primaryimage"},"image":{"@id":"https:\/\/restaurantexiri.com\/contacto\/#primaryimage"},"thumbnailUrl":"https:\/\/restaurantexiri.com\/wp-content\/uploads\/2016\/02\/R_MG_3574.jpg","datePublished":"2019-07-25T09:36:00+00:00","dateModified":"2023-08-23T10:44:49+00:00","breadcrumb":{"@id":"https:\/\/restaurantexiri.com\/contacto\/#breadcrumb"},"inLanguage":"en-GB","potentialAction":[{"@type":"ReadAction","target":["https:\/\/restaurantexiri.com\/contacto\/"]}]},{"@type":"ImageObject","inLanguage":"en-GB","@id":"https:\/\/restaurantexiri.com\/contacto\/#primaryimage","url":"https:\/\/restaurantexiri.com\/wp-content\/uploads\/2016\/02\/R_MG_3574.jpg","contentUrl":"https:\/\/restaurantexiri.com\/wp-content\/uploads\/2016\/02\/R_MG_3574.jpg"},{"@type":"BreadcrumbList","@id":"https:\/\/restaurantexiri.com\/contacto\/#breadcrumb","itemListElement":[{"@type":"ListItem","position":1,"name":"Portada","item":"https:\/\/restaurantexiri.com\/"},{"@type":"ListItem","position":2,"name":"Contacto"}]},{"@type":"WebSite","@id":"https:\/\/restaurantexiri.com\/#website","url":"https:\/\/restaurantexiri.com\/","name":"Restaurante Xiri","description":"Un restaurante personalidad propia y buenas ra\u00edces","publisher":{"@id":"https:\/\/restaurantexiri.com\/#organization"},"potentialAction":[{"@type":"SearchAction","target":{"@type":"EntryPoint","urlTemplate":"https:\/\/restaurantexiri.com\/?s={search_term_string}"},"query-input":{"@type":"PropertyValueSpecification","valueRequired":true,"valueName":"search_term_string"}}],"inLanguage":"en-GB"},{"@type":"Organization","@id":"https:\/\/restaurantexiri.com\/#organization","name":"Restaurante Xiri","url":"https:\/\/restaurantexiri.com\/","logo":{"@type":"ImageObject","inLanguage":"en-GB","@id":"https:\/\/restaurantexiri.com\/#\/schema\/logo\/image\/","url":"https:\/\/restaurantexiri.com\/wp-content\/uploads\/2023\/06\/logo_xiri.png","contentUrl":"https:\/\/restaurantexiri.com\/wp-content\/uploads\/2023\/06\/logo_xiri.png","width":491,"height":270,"caption":"Restaurante Xiri"},"image":{"@id":"https:\/\/restaurantexiri.com\/#\/schema\/logo\/image\/"},"sameAs":["https:\/\/www.facebook.com\/XiriMonovar\/?locale=es_ES"]}]}},"_links":{"self":[{"href":"https:\/\/restaurantexiri.com\/en\/wp-json\/wp\/v2\/pages\/763","targetHints":{"allow":["GET"]}}],"collection":[{"href":"https:\/\/restaurantexiri.com\/en\/wp-json\/wp\/v2\/pages"}],"about":[{"href":"https:\/\/restaurantexiri.com\/en\/wp-json\/wp\/v2\/types\/page"}],"author":[{"embeddable":true,"href":"https:\/\/restaurantexiri.com\/en\/wp-json\/wp\/v2\/users\/1"}],"replies":[{"embeddable":true,"href":"https:\/\/restaurantexiri.com\/en\/wp-json\/wp\/v2\/comments?post=763"}],"version-history":[{"count":57,"href":"https:\/\/restaurantexiri.com\/en\/wp-json\/wp\/v2\/pages\/763\/revisions"}],"predecessor-version":[{"id":7327,"href":"https:\/\/restaurantexiri.com\/en\/wp-json\/wp\/v2\/pages\/763\/revisions\/7327"}],"wp:attachment":[{"href":"https:\/\/restaurantexiri.com\/en\/wp-json\/wp\/v2\/media?parent=763"}],"curies":[{"name":"wp","href":"https:\/\/api.w.org\/{rel}","templated":true}]}}