{"id":4881,"date":"2019-03-22T10:25:17","date_gmt":"2019-03-22T10:25:17","guid":{"rendered":"https:\/\/restaurantexiri.com\/?page_id=4881"},"modified":"2023-07-03T14:26:56","modified_gmt":"2023-07-03T12:26:56","slug":"aviso-legal","status":"publish","type":"page","link":"https:\/\/restaurantexiri.com\/en\/aviso-legal\/","title":{"rendered":"Aviso Legal"},"content":{"rendered":"<div data-elementor-type=\"wp-page\" data-elementor-id=\"4881\" class=\"elementor elementor-4881\">\n\t\t\t\t\t\t<section class=\"elementor-section elementor-top-section elementor-element elementor-element-40a1e63 ban elementor-section-boxed elementor-section-height-default elementor-section-height-default wpr-particle-no wpr-jarallax-no wpr-parallax-no wpr-sticky-section-no wpr-equal-height-no\" data-id=\"40a1e63\" data-element_type=\"section\" data-e-type=\"section\" data-settings=\"{&quot;background_background&quot;:&quot;classic&quot;}\">\n\t\t\t\t\t\t<div class=\"elementor-container elementor-column-gap-default\">\n\t\t\t\t\t<div class=\"elementor-column elementor-col-100 elementor-top-column elementor-element elementor-element-16a8111\" data-id=\"16a8111\" data-element_type=\"column\" data-e-type=\"column\">\n\t\t\t<div class=\"elementor-widget-wrap elementor-element-populated\">\n\t\t\t\t\t\t<div class=\"elementor-element elementor-element-46c60c2 elementor-widget elementor-widget-heading\" data-id=\"46c60c2\" data-element_type=\"widget\" data-e-type=\"widget\" data-widget_type=\"heading.default\">\n\t\t\t\t<div class=\"elementor-widget-container\">\n\t\t\t\t\t<h1 class=\"elementor-heading-title elementor-size-default\">AVISO LEGAL<\/h1>\t\t\t\t<\/div>\n\t\t\t\t<\/div>\n\t\t\t\t\t<\/div>\n\t\t<\/div>\n\t\t\t\t\t<\/div>\n\t\t<\/section>\n\t\t\t\t<section class=\"elementor-section elementor-top-section elementor-element elementor-element-1beeda79 elementor-section-boxed elementor-section-height-default elementor-section-height-default wpr-particle-no wpr-jarallax-no wpr-parallax-no wpr-sticky-section-no wpr-equal-height-no\" data-id=\"1beeda79\" data-element_type=\"section\" data-e-type=\"section\">\n\t\t\t\t\t\t<div class=\"elementor-container elementor-column-gap-default\">\n\t\t\t\t\t<div class=\"elementor-column elementor-col-100 elementor-top-column elementor-element elementor-element-73097025\" data-id=\"73097025\" data-element_type=\"column\" data-e-type=\"column\">\n\t\t\t<div class=\"elementor-widget-wrap elementor-element-populated\">\n\t\t\t\t\t\t<div class=\"elementor-element elementor-element-24855245 elementor-widget elementor-widget-text-editor\" data-id=\"24855245\" data-element_type=\"widget\" data-e-type=\"widget\" data-widget_type=\"text-editor.default\">\n\t\t\t\t<div class=\"elementor-widget-container\">\n\t\t\t\t\t\t\t\t\t<p><strong>INTRODUCCI\u00d3N:<\/strong><\/p><p>El presente documento tiene como finalidad el establecer y regular las normas de uso de este portal web, entendiendo por \u00e9ste todas las p\u00e1ginas y sus contenidos, propiedad de RESTAURANTE XIRI, S.L., a las cuales se accede a trav\u00e9s del dominio <a href=\"HTTP:\/\/WWW.RESAURANTEXIRI.COM\">HTTP:\/\/WWW.RESAURANTEXIRI.COM<\/a>. La utilizaci\u00f3n del portal web atribuye la condici\u00f3n de usuario del mismo e implica la aceptaci\u00f3n de todas las condiciones incluidas en el presente aviso Legal. El usuario se compromete a leer atentamente el presente aviso Legal en cada una de las ocasiones en que se proponga utilizar nuestro portal web, ya que \u00e9ste y sus condiciones de uso recogidas en el presente aviso Legal pueden sufrir modificaciones.<\/p><p><strong>DATOS IDENTIFICATIVOS:<\/strong><\/p><p>En cumplimiento con el deber de informaci\u00f3n recogido en art\u00edculo 10 de la Ley 34\/2002, de 11 de julio, de Servicios de la Sociedad de la Informaci\u00f3n y del Comercio Electr\u00f3nico, a continuaci\u00f3n, se reflejan los siguientes datos:<\/p><p>&#8211; Raz\u00f3n social: RESTAURANTE XIRI, S.L.<\/p><p>&#8211; CIF: B03812104<\/p><p>&#8211; Domicilio: PARQUE ALAMEDA, S\/N; 03640 MONOVAR (ALICANTE)<\/p><p>&#8211; Tel\u00e9fono: 965472910<\/p><p>&#8211; Correo electr\u00f3nico: <a href=\"mailto:RESTAURANTE@RESTAURANTEXIRI.COM\">RESTAURANTE@RESTAURANTEXIRI.COM<\/a><\/p><p>&#8211; Nombre del dominio: <a href=\"HTTP:\/\/WWW.RESAURANTEXIRI.COM\">HTTP:\/\/WWW.RESAURANTEXIRI.COM<\/a><\/p><p><strong>USUARIAS Y USUARIOS:<\/strong><\/p><p>El acceso y uso de este portal <a href=\"HTTP:\/\/WWW.RESAURANTEXIRI.COM\">HTTP:\/\/WWW.RESAURANTEXIRI.COM<\/a>, atribuye la condici\u00f3n de USUARIA\/O, que acepta, desde dicho acceso y uso, las Condiciones Generales de Uso aqu\u00ed reflejadas. Las citadas Condiciones ser\u00e1n de aplicaci\u00f3n independientemente de las Condiciones Generales de Contrataci\u00f3n que en su caso resulten de obligado cumplimiento.<\/p><p><strong>USO DEL PORTAL:<\/strong><\/p><p><a href=\"HTTP:\/\/WWW.RESAURANTEXIRI.COM\">HTTP:\/\/WWW.RESAURANTEXIRI.COM<\/a> proporciona el acceso a diversas informaciones sobre nuestra entidad, apartados de contacto, hiperenlaces a redes sociales, en adelante contenidos pertenecientes a RESTAURANTE XIRI, S.L., o a sus licenciadores, a los que la usuaria o el usuario pueda tener acceso. La usuaria o el usuario asume la responsabilidad del uso del portal. Dicha responsabilidad se extiende al registro que fuese necesario para acceder a determinados servicios o contenidos, o bien para posibilitar la respuesta en relaci\u00f3n con sus consultas en los apartados de contacto de la presente p\u00e1gina web, etc. En dicho registro la usuaria o el usuario ser\u00e1 responsable de aportar informaci\u00f3n veraz y l\u00edcita.<\/p><p><strong>PROPIEDAD INTELECTUAL E INDUSTRIAL:<\/strong><\/p><p>RESTAURANTE XIRI, S.L., por s\u00ed o como cesionaria, es titular de todos los derechos de propiedad intelectual e industrial de su p\u00e1gina web, as\u00ed como de los elementos contenidos en la misma (a t\u00edtulo enunciativo: im\u00e1genes, sonido, audio, v\u00eddeo, software o textos; marcas o logotipos, combinaciones de colores, estructura y dise\u00f1o, selecci\u00f3n de materiales usados, programas de ordenador necesarios para su funcionamiento, acceso y uso, etc.).<\/p><p>Todos los derechos reservados. En virtud de lo dispuesto en los art\u00edculos 8 y 32.2, p\u00e1rrafo segundo, de la Ley de Propiedad Intelectual, quedan expresamente prohibidas la reproducci\u00f3n, la distribuci\u00f3n y la comunicaci\u00f3n p\u00fablica, incluida su modalidad de puesta a disposici\u00f3n, de la totalidad o parte de los contenidos de esta p\u00e1gina web, con fines comerciales, en cualquier soporte y por cualquier medio t\u00e9cnico, sin la autorizaci\u00f3n de RESTAURANTE XIRI, S.L. En ning\u00fan momento, salvo manifestaci\u00f3n expresa de lo contrario, el acceso, navegaci\u00f3n o utilizaci\u00f3n del sitio Web o de sus contenidos confiere a la usuaria o al usuario derecho alguno sobre signos distintivos en \u00e9l incluidos.<\/p><p>La usuaria o el usuario se compromete a respetar los derechos de Propiedad Intelectual e Industrial titularidad de RESTAURANTE XIRI, S.L.<\/p><p>En el caso de que la usuaria o el usuario env\u00ede informaci\u00f3n de cualquier tipo a RESTAURANTE XIRI, S.L. a trav\u00e9s de cualquiera de los canales habilitados para ello dentro de nuestro portal web, la usuaria o el usuario declara, garantiza y acepta que tiene derecho a hacerlo con total libertad, que dicha informaci\u00f3n no infringe ning\u00fan derecho de propiedad intelectual, industrial, o cualesquiera otros derechos de terceras personas, y que dicha informaci\u00f3n no tiene car\u00e1cter confidencial ni es perjudicial para terceras personas.<\/p><p><strong>EXCLUSI\u00d3N DE GARANT\u00cdAS Y RESPONSABILIDAD:<\/strong><\/p><p>RESTAURANTE XIRI, S.L. no se hace responsable, en ning\u00fan caso, de los da\u00f1os y perjuicios de cualquier naturaleza que se pudieran ocasionar, a t\u00edtulo enunciativo: errores u omisiones en los contenidos, falta de disponibilidad del portal o la transmisi\u00f3n de virus o programas maliciosos o lesivos en los contenidos, a pesar de haber adoptado todas las medidas tecnol\u00f3gicas necesarias para evitarlo. El contenido, informaci\u00f3n y consejos expresados en este portal web deben entenderse como simplemente orientativos. RESTAURANTE XIRI, S.L. no responde de ninguna forma de la efectividad o exactitud de los mismos, quedando exento de cualquier responsabilidad con los usuarios y usuarias que hagan uso de ellos.<\/p><p>En este Sitio se pueden publicar contenidos y comentarios aportados por terceras personas. RESTAURANTE XIRI, S.L. no responde de la veracidad y exactitud de los mismos, quedando exenta de cualquier responsabilidad con los usuarios y con las usuarias que hagan uso de ellos. RESTAURANTE XIRI, S.L. se reserva el derecho de modificar el contenido del Sitio sin previo aviso y sin ning\u00fan tipo de limitaci\u00f3n. As\u00ed mismo, la empresa declina cualquier responsabilidad por los eventuales da\u00f1os y perjuicios que puedan ocasionarse por la falta de disponibilidad o continuidad de este sitio y de los servicios que se ofrecen en \u00e9l. Tampoco podemos garantizar la ausencia de virus ni de otros elementos en la Web que puedan producir alteraciones en su sistema inform\u00e1tico. RESTAURANTE XIRI, S.L. declina cualquier responsabilidad por los servicios e informaci\u00f3n que se preste en otros sitios enlazados con este, ya que no controla ni ejerce ning\u00fan tipo de supervisi\u00f3n en Sitios Webs de terceras personas. Aconsejamos a las usuarias y a los usuarios de los mismos que act\u00faen con prudencia y que consulten las eventuales condiciones legales que se expongan en dichas Webs. As\u00ed mismo, los Usuarios\/as que remitan cualquier tipo de informaci\u00f3n a www.benidormpalace.com se asegurar\u00e1n de que la misma sea veraz y de que no vulnere cualquier derecho de terceras personas ni la legalidad vigente. Si Ud. cree que cualquier contenido o informaci\u00f3n de este Sitio vulnera un derecho leg\u00edtimo o la legalidad vigente le estar\u00edamos muy agradecidos que se pusiera en contacto con nosotros a trav\u00e9s de los medios que considere oportunos bien a la direcci\u00f3n de correo electr\u00f3nico <a href=\"mailto:RESTAURANTE@RESTAURANTEXIRI.COM\">RESTAURANTE@RESTAURANTEXIRI.COM<\/a> o en el siguiente n\u00famero de tel\u00e9fono 965472910 para que podamos tomar las medidas oportunas.<\/p><p><strong>MODIFICACIONES:<\/strong><\/p><p>RESTAURANTE XIRI, S.L. se reserva el derecho de efectuar sin previo aviso las modificaciones que considere oportunas en su portal, pudiendo cambiar, suprimir o a\u00f1adir tanto los contenidos y servicios que se presten a trav\u00e9s de la misma como la forma en la que estos aparezcan presentados o localizados en su portal.<\/p><p><strong>ENLACES:<\/strong><\/p><p>En el caso de que en nombre del dominio se pusieran en funcionamiento enlaces o hiperv\u00ednculos que recayeran en otros sitios de Internet RESTAURANTE XIRI, S.L.\u00a0 no ejercer\u00e1 ning\u00fan tipo de control sobre dichos sitios y contenidos. En ning\u00fan caso RESTAURANTE XIRI, S.L. asumir\u00e1 responsabilidad alguna por los contenidos de alg\u00fan enlace perteneciente a un sitio web ajeno, ni garantizar\u00e1 la disponibilidad t\u00e9cnica, calidad, fiabilidad, exactitud, amplitud, veracidad, validez y constitucionalidad de cualquier material o informaci\u00f3n contenida en ninguno de dichos hiperv\u00ednculos u otros sitios de Internet. Igualmente, la inclusi\u00f3n de estas conexiones externas no implicar\u00e1 ning\u00fan tipo de asociaci\u00f3n, fusi\u00f3n o participaci\u00f3n con las entidades conectadas.<\/p><p>La usuaria o el usuario reconoce y acepta que RESTAURANTE XIRI, S.L. no ser\u00e1 responsable de las p\u00e9rdidas o da\u00f1os en que la usuaria o el usuario pueda incurrir a consecuencia de la disponibilidad de los mencionados sitios web o recursos externos, o a consecuencia de la credibilidad que otorgue a la exhaustividad, precisi\u00f3n o existencia de cualquier tipo de publicidad, productos u otros materiales ofrecidos a trav\u00e9s de dicho sitio web u otros recursos.<\/p><p><strong>DERECHO DE EXCLUSI\u00d3N:<\/strong><\/p><p>RESTAURANTE XIRI, S.L. se reserva el derecho a denegar o retirar el acceso a portal o a los servicios ofrecidos sin necesidad de preaviso, a instancia propia o de terceras personas, a aquellos usuarios y a aquellas usuarias que incumplan las presentes Condiciones Generales de Uso.<\/p><p><strong>GENERALIDADES:<\/strong><\/p><p>RESTAURANTE XIRI, S.L. perseguir\u00e1 el incumplimiento de las presentes condiciones, as\u00ed como cualquier utilizaci\u00f3n indebida de su portal ejerciendo todas las acciones civiles y penales que le puedan corresponder en derecho.<\/p><p><strong>LEGISLACI\u00d3N APLICABLE Y JURISDICCI\u00d3N:<\/strong><\/p><p>La relaci\u00f3n entre RESTAURANTE XIRI, S.L. y la usuaria o el usuario se regir\u00e1 por la normativa espa\u00f1ola vigente. Y siempre que la normativa vigente al efecto establezca la posibilidad para las partes la sumisi\u00f3n a un fuero determinado cualquier controversia entre la persona responsable del sitio web y la usuaria o el usuario se someter\u00e1 a los Juzgados y tribunales de la ciudad de Benidorm<\/p><p>PLATAFORMA EUROPEA DE RESOLUCI\u00d3N DE CONFLICTOS EN L\u00cdNEA:<\/p><p>Le informamos que ante cualquier problema que pueda derivarse del servicio contratado o producto vendido, puede utilizar la plataforma europea de resoluci\u00f3n de disputas online, esta es:<\/p><p>https:\/\/ec.europa.eu\/consumers\/odr\/main\/index.cfm?event=main.home.show&lng=ES.<\/p>\t\t\t\t\t\t\t\t<\/div>\n\t\t\t\t<\/div>\n\t\t\t\t\t<\/div>\n\t\t<\/div>\n\t\t\t\t\t<\/div>\n\t\t<\/section>\n\t\t\t\t<\/div>","protected":false},"excerpt":{"rendered":"<p>AVISO LEGAL INTRODUCCI\u00d3N: El presente documento tiene como finalidad el establecer y regular las normas de uso de este portal web, entendiendo por \u00e9ste todas las p\u00e1ginas y sus contenidos, propiedad de RESTAURANTE XIRI, S.L., a las cuales se accede a trav\u00e9s del dominio HTTP:\/\/WWW.RESAURANTEXIRI.COM. La utilizaci\u00f3n del portal web atribuye la condici\u00f3n de usuario del mismo e implica la aceptaci\u00f3n de todas las condiciones incluidas en el presente aviso Legal. El usuario se compromete a leer atentamente el presente aviso Legal en cada una de las ocasiones en que se proponga utilizar nuestro portal web, ya que \u00e9ste y sus condiciones de uso recogidas en el presente aviso Legal&#8230;<\/p>","protected":false},"author":1,"featured_media":0,"parent":0,"menu_order":0,"comment_status":"closed","ping_status":"closed","template":"my-templates\/template-home-elementor.php","meta":{"footnotes":""},"class_list":["post-4881","page","type-page","status-publish","hentry"],"acf":[],"yoast_head":"<!-- This site is optimized with the Yoast SEO plugin v27.5 - https:\/\/yoast.com\/product\/yoast-seo-wordpress\/ -->\n<title>Aviso Legal - Restaurante Xiri<\/title>\n<meta name=\"robots\" content=\"noindex, nofollow\" \/>\n<meta property=\"og:locale\" content=\"en_GB\" \/>\n<meta property=\"og:type\" content=\"article\" \/>\n<meta property=\"og:title\" content=\"Aviso Legal - Restaurante Xiri\" \/>\n<meta property=\"og:description\" content=\"AVISO LEGAL INTRODUCCI\u00d3N: El presente documento tiene como finalidad el establecer y regular las normas de uso de este portal web, entendiendo por \u00e9ste todas las p\u00e1ginas y sus contenidos, propiedad de RESTAURANTE XIRI, S.L., a las cuales se accede a trav\u00e9s del dominio HTTP:\/\/WWW.RESAURANTEXIRI.COM. La utilizaci\u00f3n del portal web atribuye la condici\u00f3n de usuario del mismo e implica la aceptaci\u00f3n de todas las condiciones incluidas en el presente aviso Legal. El usuario se compromete a leer atentamente el presente aviso Legal en cada una de las ocasiones en que se proponga utilizar nuestro portal web, ya que \u00e9ste y sus condiciones de uso recogidas en el presente aviso Legal...\" \/>\n<meta property=\"og:url\" content=\"https:\/\/restaurantexiri.com\/en\/aviso-legal\/\" \/>\n<meta property=\"og:site_name\" content=\"Restaurante Xiri\" \/>\n<meta property=\"article:publisher\" content=\"https:\/\/www.facebook.com\/XiriMonovar\/?locale=es_ES\" \/>\n<meta property=\"article:modified_time\" content=\"2023-07-03T12:26:56+00:00\" \/>\n<meta name=\"twitter:card\" content=\"summary_large_image\" \/>\n<meta name=\"twitter:label1\" content=\"Estimated reading time\" \/>\n\t<meta name=\"twitter:data1\" content=\"7 minutes\" \/>\n<script type=\"application\/ld+json\" class=\"yoast-schema-graph\">{\"@context\":\"https:\\\/\\\/schema.org\",\"@graph\":[{\"@type\":\"WebPage\",\"@id\":\"https:\\\/\\\/restaurantexiri.com\\\/aviso-legal\\\/\",\"url\":\"https:\\\/\\\/restaurantexiri.com\\\/aviso-legal\\\/\",\"name\":\"Aviso Legal - Restaurante Xiri\",\"isPartOf\":{\"@id\":\"https:\\\/\\\/restaurantexiri.com\\\/#website\"},\"datePublished\":\"2019-03-22T10:25:17+00:00\",\"dateModified\":\"2023-07-03T12:26:56+00:00\",\"breadcrumb\":{\"@id\":\"https:\\\/\\\/restaurantexiri.com\\\/aviso-legal\\\/#breadcrumb\"},\"inLanguage\":\"en-GB\",\"potentialAction\":[{\"@type\":\"ReadAction\",\"target\":[\"https:\\\/\\\/restaurantexiri.com\\\/aviso-legal\\\/\"]}]},{\"@type\":\"BreadcrumbList\",\"@id\":\"https:\\\/\\\/restaurantexiri.com\\\/aviso-legal\\\/#breadcrumb\",\"itemListElement\":[{\"@type\":\"ListItem\",\"position\":1,\"name\":\"Portada\",\"item\":\"https:\\\/\\\/restaurantexiri.com\\\/\"},{\"@type\":\"ListItem\",\"position\":2,\"name\":\"Aviso Legal\"}]},{\"@type\":\"WebSite\",\"@id\":\"https:\\\/\\\/restaurantexiri.com\\\/#website\",\"url\":\"https:\\\/\\\/restaurantexiri.com\\\/\",\"name\":\"Restaurante Xiri\",\"description\":\"Un restaurante personalidad propia y buenas ra\u00edces\",\"publisher\":{\"@id\":\"https:\\\/\\\/restaurantexiri.com\\\/#organization\"},\"potentialAction\":[{\"@type\":\"SearchAction\",\"target\":{\"@type\":\"EntryPoint\",\"urlTemplate\":\"https:\\\/\\\/restaurantexiri.com\\\/?s={search_term_string}\"},\"query-input\":{\"@type\":\"PropertyValueSpecification\",\"valueRequired\":true,\"valueName\":\"search_term_string\"}}],\"inLanguage\":\"en-GB\"},{\"@type\":\"Organization\",\"@id\":\"https:\\\/\\\/restaurantexiri.com\\\/#organization\",\"name\":\"Restaurante Xiri\",\"url\":\"https:\\\/\\\/restaurantexiri.com\\\/\",\"logo\":{\"@type\":\"ImageObject\",\"inLanguage\":\"en-GB\",\"@id\":\"https:\\\/\\\/restaurantexiri.com\\\/#\\\/schema\\\/logo\\\/image\\\/\",\"url\":\"https:\\\/\\\/restaurantexiri.com\\\/wp-content\\\/uploads\\\/2023\\\/06\\\/logo_xiri.png\",\"contentUrl\":\"https:\\\/\\\/restaurantexiri.com\\\/wp-content\\\/uploads\\\/2023\\\/06\\\/logo_xiri.png\",\"width\":491,\"height\":270,\"caption\":\"Restaurante Xiri\"},\"image\":{\"@id\":\"https:\\\/\\\/restaurantexiri.com\\\/#\\\/schema\\\/logo\\\/image\\\/\"},\"sameAs\":[\"https:\\\/\\\/www.facebook.com\\\/XiriMonovar\\\/?locale=es_ES\"]}]}<\/script>\n<!-- \/ Yoast SEO plugin. -->","yoast_head_json":{"title":"Aviso Legal - Restaurante Xiri","robots":{"index":"noindex","follow":"nofollow"},"og_locale":"en_GB","og_type":"article","og_title":"Aviso Legal - Restaurante Xiri","og_description":"AVISO LEGAL INTRODUCCI\u00d3N: El presente documento tiene como finalidad el establecer y regular las normas de uso de este portal web, entendiendo por \u00e9ste todas las p\u00e1ginas y sus contenidos, propiedad de RESTAURANTE XIRI, S.L., a las cuales se accede a trav\u00e9s del dominio HTTP:\/\/WWW.RESAURANTEXIRI.COM. La utilizaci\u00f3n del portal web atribuye la condici\u00f3n de usuario del mismo e implica la aceptaci\u00f3n de todas las condiciones incluidas en el presente aviso Legal. El usuario se compromete a leer atentamente el presente aviso Legal en cada una de las ocasiones en que se proponga utilizar nuestro portal web, ya que \u00e9ste y sus condiciones de uso recogidas en el presente aviso Legal...","og_url":"https:\/\/restaurantexiri.com\/en\/aviso-legal\/","og_site_name":"Restaurante Xiri","article_publisher":"https:\/\/www.facebook.com\/XiriMonovar\/?locale=es_ES","article_modified_time":"2023-07-03T12:26:56+00:00","twitter_card":"summary_large_image","twitter_misc":{"Estimated reading time":"7 minutes"},"schema":{"@context":"https:\/\/schema.org","@graph":[{"@type":"WebPage","@id":"https:\/\/restaurantexiri.com\/aviso-legal\/","url":"https:\/\/restaurantexiri.com\/aviso-legal\/","name":"Aviso Legal - Restaurante Xiri","isPartOf":{"@id":"https:\/\/restaurantexiri.com\/#website"},"datePublished":"2019-03-22T10:25:17+00:00","dateModified":"2023-07-03T12:26:56+00:00","breadcrumb":{"@id":"https:\/\/restaurantexiri.com\/aviso-legal\/#breadcrumb"},"inLanguage":"en-GB","potentialAction":[{"@type":"ReadAction","target":["https:\/\/restaurantexiri.com\/aviso-legal\/"]}]},{"@type":"BreadcrumbList","@id":"https:\/\/restaurantexiri.com\/aviso-legal\/#breadcrumb","itemListElement":[{"@type":"ListItem","position":1,"name":"Portada","item":"https:\/\/restaurantexiri.com\/"},{"@type":"ListItem","position":2,"name":"Aviso Legal"}]},{"@type":"WebSite","@id":"https:\/\/restaurantexiri.com\/#website","url":"https:\/\/restaurantexiri.com\/","name":"Restaurante Xiri","description":"Un restaurante personalidad propia y buenas ra\u00edces","publisher":{"@id":"https:\/\/restaurantexiri.com\/#organization"},"potentialAction":[{"@type":"SearchAction","target":{"@type":"EntryPoint","urlTemplate":"https:\/\/restaurantexiri.com\/?s={search_term_string}"},"query-input":{"@type":"PropertyValueSpecification","valueRequired":true,"valueName":"search_term_string"}}],"inLanguage":"en-GB"},{"@type":"Organization","@id":"https:\/\/restaurantexiri.com\/#organization","name":"Restaurante Xiri","url":"https:\/\/restaurantexiri.com\/","logo":{"@type":"ImageObject","inLanguage":"en-GB","@id":"https:\/\/restaurantexiri.com\/#\/schema\/logo\/image\/","url":"https:\/\/restaurantexiri.com\/wp-content\/uploads\/2023\/06\/logo_xiri.png","contentUrl":"https:\/\/restaurantexiri.com\/wp-content\/uploads\/2023\/06\/logo_xiri.png","width":491,"height":270,"caption":"Restaurante Xiri"},"image":{"@id":"https:\/\/restaurantexiri.com\/#\/schema\/logo\/image\/"},"sameAs":["https:\/\/www.facebook.com\/XiriMonovar\/?locale=es_ES"]}]}},"_links":{"self":[{"href":"https:\/\/restaurantexiri.com\/en\/wp-json\/wp\/v2\/pages\/4881","targetHints":{"allow":["GET"]}}],"collection":[{"href":"https:\/\/restaurantexiri.com\/en\/wp-json\/wp\/v2\/pages"}],"about":[{"href":"https:\/\/restaurantexiri.com\/en\/wp-json\/wp\/v2\/types\/page"}],"author":[{"embeddable":true,"href":"https:\/\/restaurantexiri.com\/en\/wp-json\/wp\/v2\/users\/1"}],"replies":[{"embeddable":true,"href":"https:\/\/restaurantexiri.com\/en\/wp-json\/wp\/v2\/comments?post=4881"}],"version-history":[{"count":11,"href":"https:\/\/restaurantexiri.com\/en\/wp-json\/wp\/v2\/pages\/4881\/revisions"}],"predecessor-version":[{"id":6872,"href":"https:\/\/restaurantexiri.com\/en\/wp-json\/wp\/v2\/pages\/4881\/revisions\/6872"}],"wp:attachment":[{"href":"https:\/\/restaurantexiri.com\/en\/wp-json\/wp\/v2\/media?parent=4881"}],"curies":[{"name":"wp","href":"https:\/\/api.w.org\/{rel}","templated":true}]}}