{"id":4878,"date":"2019-03-22T10:16:30","date_gmt":"2019-03-22T10:16:30","guid":{"rendered":"https:\/\/restaurantexiri.com\/?page_id=4878"},"modified":"2023-07-03T14:23:05","modified_gmt":"2023-07-03T12:23:05","slug":"politica-de-privacidad","status":"publish","type":"page","link":"https:\/\/restaurantexiri.com\/en\/politica-de-privacidad\/","title":{"rendered":"Pol\u00edtica de privacidad"},"content":{"rendered":"<div data-elementor-type=\"wp-page\" data-elementor-id=\"4878\" class=\"elementor elementor-4878\">\n\t\t\t\t\t\t<section class=\"elementor-section elementor-top-section elementor-element elementor-element-6203e91 ban elementor-section-boxed elementor-section-height-default elementor-section-height-default wpr-particle-no wpr-jarallax-no wpr-parallax-no wpr-sticky-section-no wpr-equal-height-no\" data-id=\"6203e91\" data-element_type=\"section\" data-e-type=\"section\" data-settings=\"{&quot;background_background&quot;:&quot;classic&quot;}\">\n\t\t\t\t\t\t<div class=\"elementor-container elementor-column-gap-default\">\n\t\t\t\t\t<div class=\"elementor-column elementor-col-100 elementor-top-column elementor-element elementor-element-c646e83\" data-id=\"c646e83\" data-element_type=\"column\" data-e-type=\"column\">\n\t\t\t<div class=\"elementor-widget-wrap elementor-element-populated\">\n\t\t\t\t\t\t<div class=\"elementor-element elementor-element-5a33137 elementor-widget elementor-widget-heading\" data-id=\"5a33137\" data-element_type=\"widget\" data-e-type=\"widget\" data-widget_type=\"heading.default\">\n\t\t\t\t<div class=\"elementor-widget-container\">\n\t\t\t\t\t<h1 class=\"elementor-heading-title elementor-size-default\">POL\u00cdTICA DE PRIVACIDAD<\/h1>\t\t\t\t<\/div>\n\t\t\t\t<\/div>\n\t\t\t\t\t<\/div>\n\t\t<\/div>\n\t\t\t\t\t<\/div>\n\t\t<\/section>\n\t\t\t\t<section class=\"elementor-section elementor-top-section elementor-element elementor-element-6c6665a1 elementor-section-boxed elementor-section-height-default elementor-section-height-default wpr-particle-no wpr-jarallax-no wpr-parallax-no wpr-sticky-section-no wpr-equal-height-no\" data-id=\"6c6665a1\" data-element_type=\"section\" data-e-type=\"section\">\n\t\t\t\t\t\t<div class=\"elementor-container elementor-column-gap-default\">\n\t\t\t\t\t<div class=\"elementor-column elementor-col-100 elementor-top-column elementor-element elementor-element-415670ec\" data-id=\"415670ec\" data-element_type=\"column\" data-e-type=\"column\">\n\t\t\t<div class=\"elementor-widget-wrap elementor-element-populated\">\n\t\t\t\t\t\t<div class=\"elementor-element elementor-element-a180c2c elementor-widget elementor-widget-text-editor\" data-id=\"a180c2c\" data-element_type=\"widget\" data-e-type=\"widget\" data-widget_type=\"text-editor.default\">\n\t\t\t\t<div class=\"elementor-widget-container\">\n\t\t\t\t\t\t\t\t\t<p><strong>INTRODUCCIO\u0301N<\/strong><\/p>\n<p>RESTAURANTE XIRI se ha comprometido a hacer accesibles sus sitios web de conformidad con el Real Decreto 1112\/2018, de 7 de septiembre, sobre accesibilidad de los sitios web y aplicaciones para dispositivos m\u00f3viles del sector p\u00fablico (en adelante, Real Decreto 1112\/2018, de 7 de septiembre).<\/p>\n<p>La presente declaraci\u00f3n de accesibilidad se aplica al sitio web https:\/\/restaurantexiri.com\/<\/p>\n<p><strong>Situaci\u00f3n de cumplimiento <\/strong><\/p>\n<p>Este sitio web es parcialmente conforme con el Real Decreto 1112\/2018, de 7 de septiembre, debido a la falta de conformidad de los aspectos que se indican a continuaci\u00f3n.<\/p>\n<p><strong>Contenido no accesible <\/strong><\/p>\n<p>El contenido que se recoge a continuaci\u00f3n no es accesible por lo siguiente:<\/p>\n<p>Falta de conformidad con el Real Decreto 1112\/2018, de 7 de septiembre: podr\u00edan existir fallos puntuales de edici\u00f3n en alguna p\u00e1gina web, tanto en contenidos HTML como en documentos finales, publicados en fecha posterior al 20 de septiembre de 2018 (fecha de entrada en vigor del Real Decreto 1112\/2018, de 7 de septiembre).<\/p>\n<p>Concretamente puede haber errores en aquellos documentos que contienen gr\u00e1ficos, tablas complejas o en aquellos firmados electr\u00f3nicamente antes de su revisi\u00f3n de accesibilidad.<\/p>\n<p>Carga desproporcionada: no aplica.<\/p>\n<p>El contenido no entra dentro del \u00e1mbito de la legislaci\u00f3n aplicable: Existen archivos ofim\u00e1ticos en PDF u otros formatos publicados antes del 20 de septiembre de 2018 que no cumplen en su totalidad todos los requisitos de accesibilidad; tambi\u00e9n pueden estar en esa situaci\u00f3n contenidos de terceros no financiados, ni desarrollados, ni bajo el control de este Ministerio.<\/p>\n<p><strong>Preparaci\u00f3n de la presente declaraci\u00f3n de accesibilidad <\/strong><\/p>\n<p>La presente declaraci\u00f3n fue preparada el 23 de junio de 2023.<\/p>\n<p>El m\u00e9todo empleado para preparar la declaraci\u00f3n ha sido una autoevaluaci\u00f3n llevada a cabo por RESTAURANTE XIRI.<\/p>\n<p>\u00daltima revisi\u00f3n de la declaraci\u00f3n: 23 de junio de 2023.<\/p>\n<p><strong>Observaciones y datos de contacto<\/strong><\/p>\n<p>Puede realizar comunicaciones sobre requisitos de accesibilidad (art\u00edculo 10.2.a) del Real Decreto 1112\/2018, de 7 de septiembre) como, por ejemplo: Informar sobre cualquier posible incumplimiento por parte de este sitio web. Transmitir otras dificultades de acceso al contenido.<\/p>\n<p>Formular cualquier otra consulta o sugerencia de mejora relativa a la accesibilidad del sitio web.<\/p>\n<p>A trav\u00e9s de las siguientes v\u00edas: Correo electr\u00f3nico: accesibilidadweb@hacienda.gob.es<\/p>\n<p>Tel\u00e9fonos: 900 567 765 \u2013 91 595 80 00<\/p>\n<p>Las comunicaciones ser\u00e1n recibidas y tratadas por la Subdirecci\u00f3n General de Servicios Web, Transparencia y Protecci\u00f3n de Datos (Secretar\u00eda General T\u00e9cnica), como unidad responsable de los contenidos de este sitio web.<\/p>\n<p>Tambi\u00e9n puede solicitar en formato accesible informaci\u00f3n que no cumpla con los requisitos de accesibilidad bien por estar excluida, bien por estar exenta por carga desproporcionada; o formular una queja por incumplimiento de los requisitos de accesibilidad.<\/p>\n<p><strong>Procedimiento de aplicaci\u00f3n <\/strong><\/p>\n<p>A trav\u00e9s de este procedimiento podr\u00e1 iniciar una reclamaci\u00f3n para conocer y oponerse a los motivos de la desestimaci\u00f3n de una solicitud de informaci\u00f3n accesible o queja, instar la adopci\u00f3n de las medidas oportunas en el caso de no estar de acuerdo con la decisi\u00f3n adoptada, o exponer las razones por las que se considera que la respuesta no cumple con los requisitos exigidos.<\/p>\n<p><strong>Contenido opcional <\/strong><\/p>\n<p>Entre otras se adoptan las siguientes medidas para facilitar la accesibilidad: Utilizaci\u00f3n de texto alternativo en las im\u00e1genes<\/p>\n<p>Los enlaces ofrecen detalles de la funci\u00f3n o destino del hiperv\u00ednculo Uso de los est\u00e1ndares del W3C: XHTML 1.0, CSS 3.0, WAI AA.<\/p>\n<p>Puede consultar en la p\u00e1gina de <a href=\"https:\/\/restaurantexiri.com\/en\/aviso-legal\/\">Aviso legal<\/a> para qu\u00e9 navegadores y versiones est\u00e1 optimizado este sitio web.<\/p>\t\t\t\t\t\t\t\t<\/div>\n\t\t\t\t<\/div>\n\t\t\t\t\t<\/div>\n\t\t<\/div>\n\t\t\t\t\t<\/div>\n\t\t<\/section>\n\t\t\t\t<\/div>","protected":false},"excerpt":{"rendered":"<p>POL\u00cdTICA DE PRIVACIDAD INTRODUCCIO\u0301N RESTAURANTE XIRI se ha comprometido a hacer accesibles sus sitios web de conformidad con el Real Decreto 1112\/2018, de 7 de septiembre, sobre accesibilidad de los sitios web y aplicaciones para dispositivos m\u00f3viles del sector p\u00fablico (en adelante, Real Decreto 1112\/2018, de 7 de septiembre). La presente declaraci\u00f3n de accesibilidad se aplica al sitio web https:\/\/restaurantexiri.com\/ Situaci\u00f3n de cumplimiento Este sitio web es parcialmente conforme con el Real Decreto 1112\/2018, de 7 de septiembre, debido a la falta de conformidad de los aspectos que se indican a continuaci\u00f3n. Contenido no accesible El contenido que se recoge a continuaci\u00f3n no es accesible por lo siguiente: Falta de&#8230;<\/p>","protected":false},"author":1,"featured_media":0,"parent":0,"menu_order":0,"comment_status":"closed","ping_status":"closed","template":"my-templates\/template-home-elementor.php","meta":{"footnotes":""},"class_list":["post-4878","page","type-page","status-publish","hentry"],"acf":[],"yoast_head":"<!-- This site is optimized with the Yoast SEO plugin v27.5 - https:\/\/yoast.com\/product\/yoast-seo-wordpress\/ -->\n<title>Pol\u00edtica de privacidad - Restaurante Xiri<\/title>\n<meta name=\"robots\" content=\"noindex, nofollow\" \/>\n<meta property=\"og:locale\" content=\"en_GB\" \/>\n<meta property=\"og:type\" content=\"article\" \/>\n<meta property=\"og:title\" content=\"Pol\u00edtica de privacidad - Restaurante Xiri\" \/>\n<meta property=\"og:description\" content=\"POL\u00cdTICA DE PRIVACIDAD INTRODUCCIO\u0301N RESTAURANTE XIRI se ha comprometido a hacer accesibles sus sitios web de conformidad con el Real Decreto 1112\/2018, de 7 de septiembre, sobre accesibilidad de los sitios web y aplicaciones para dispositivos m\u00f3viles del sector p\u00fablico (en adelante, Real Decreto 1112\/2018, de 7 de septiembre). La presente declaraci\u00f3n de accesibilidad se aplica al sitio web https:\/\/restaurantexiri.com\/ Situaci\u00f3n de cumplimiento Este sitio web es parcialmente conforme con el Real Decreto 1112\/2018, de 7 de septiembre, debido a la falta de conformidad de los aspectos que se indican a continuaci\u00f3n. Contenido no accesible El contenido que se recoge a continuaci\u00f3n no es accesible por lo siguiente: Falta de...\" \/>\n<meta property=\"og:url\" content=\"https:\/\/restaurantexiri.com\/en\/politica-de-privacidad\/\" \/>\n<meta property=\"og:site_name\" content=\"Restaurante Xiri\" \/>\n<meta property=\"article:publisher\" content=\"https:\/\/www.facebook.com\/XiriMonovar\/?locale=es_ES\" \/>\n<meta property=\"article:modified_time\" content=\"2023-07-03T12:23:05+00:00\" \/>\n<meta name=\"twitter:card\" content=\"summary_large_image\" \/>\n<meta name=\"twitter:label1\" content=\"Estimated reading time\" \/>\n\t<meta name=\"twitter:data1\" content=\"3 minutes\" \/>\n<script type=\"application\/ld+json\" class=\"yoast-schema-graph\">{\"@context\":\"https:\\\/\\\/schema.org\",\"@graph\":[{\"@type\":\"WebPage\",\"@id\":\"https:\\\/\\\/restaurantexiri.com\\\/politica-de-privacidad\\\/\",\"url\":\"https:\\\/\\\/restaurantexiri.com\\\/politica-de-privacidad\\\/\",\"name\":\"Pol\u00edtica de privacidad - Restaurante Xiri\",\"isPartOf\":{\"@id\":\"https:\\\/\\\/restaurantexiri.com\\\/#website\"},\"datePublished\":\"2019-03-22T10:16:30+00:00\",\"dateModified\":\"2023-07-03T12:23:05+00:00\",\"breadcrumb\":{\"@id\":\"https:\\\/\\\/restaurantexiri.com\\\/politica-de-privacidad\\\/#breadcrumb\"},\"inLanguage\":\"en-GB\",\"potentialAction\":[{\"@type\":\"ReadAction\",\"target\":[\"https:\\\/\\\/restaurantexiri.com\\\/politica-de-privacidad\\\/\"]}]},{\"@type\":\"BreadcrumbList\",\"@id\":\"https:\\\/\\\/restaurantexiri.com\\\/politica-de-privacidad\\\/#breadcrumb\",\"itemListElement\":[{\"@type\":\"ListItem\",\"position\":1,\"name\":\"Portada\",\"item\":\"https:\\\/\\\/restaurantexiri.com\\\/\"},{\"@type\":\"ListItem\",\"position\":2,\"name\":\"Pol\u00edtica de privacidad\"}]},{\"@type\":\"WebSite\",\"@id\":\"https:\\\/\\\/restaurantexiri.com\\\/#website\",\"url\":\"https:\\\/\\\/restaurantexiri.com\\\/\",\"name\":\"Restaurante Xiri\",\"description\":\"Un restaurante personalidad propia y buenas ra\u00edces\",\"publisher\":{\"@id\":\"https:\\\/\\\/restaurantexiri.com\\\/#organization\"},\"potentialAction\":[{\"@type\":\"SearchAction\",\"target\":{\"@type\":\"EntryPoint\",\"urlTemplate\":\"https:\\\/\\\/restaurantexiri.com\\\/?s={search_term_string}\"},\"query-input\":{\"@type\":\"PropertyValueSpecification\",\"valueRequired\":true,\"valueName\":\"search_term_string\"}}],\"inLanguage\":\"en-GB\"},{\"@type\":\"Organization\",\"@id\":\"https:\\\/\\\/restaurantexiri.com\\\/#organization\",\"name\":\"Restaurante Xiri\",\"url\":\"https:\\\/\\\/restaurantexiri.com\\\/\",\"logo\":{\"@type\":\"ImageObject\",\"inLanguage\":\"en-GB\",\"@id\":\"https:\\\/\\\/restaurantexiri.com\\\/#\\\/schema\\\/logo\\\/image\\\/\",\"url\":\"https:\\\/\\\/restaurantexiri.com\\\/wp-content\\\/uploads\\\/2023\\\/06\\\/logo_xiri.png\",\"contentUrl\":\"https:\\\/\\\/restaurantexiri.com\\\/wp-content\\\/uploads\\\/2023\\\/06\\\/logo_xiri.png\",\"width\":491,\"height\":270,\"caption\":\"Restaurante Xiri\"},\"image\":{\"@id\":\"https:\\\/\\\/restaurantexiri.com\\\/#\\\/schema\\\/logo\\\/image\\\/\"},\"sameAs\":[\"https:\\\/\\\/www.facebook.com\\\/XiriMonovar\\\/?locale=es_ES\"]}]}<\/script>\n<!-- \/ Yoast SEO plugin. -->","yoast_head_json":{"title":"Pol\u00edtica de privacidad - Restaurante Xiri","robots":{"index":"noindex","follow":"nofollow"},"og_locale":"en_GB","og_type":"article","og_title":"Pol\u00edtica de privacidad - Restaurante Xiri","og_description":"POL\u00cdTICA DE PRIVACIDAD INTRODUCCIO\u0301N RESTAURANTE XIRI se ha comprometido a hacer accesibles sus sitios web de conformidad con el Real Decreto 1112\/2018, de 7 de septiembre, sobre accesibilidad de los sitios web y aplicaciones para dispositivos m\u00f3viles del sector p\u00fablico (en adelante, Real Decreto 1112\/2018, de 7 de septiembre). La presente declaraci\u00f3n de accesibilidad se aplica al sitio web https:\/\/restaurantexiri.com\/ Situaci\u00f3n de cumplimiento Este sitio web es parcialmente conforme con el Real Decreto 1112\/2018, de 7 de septiembre, debido a la falta de conformidad de los aspectos que se indican a continuaci\u00f3n. Contenido no accesible El contenido que se recoge a continuaci\u00f3n no es accesible por lo siguiente: Falta de...","og_url":"https:\/\/restaurantexiri.com\/en\/politica-de-privacidad\/","og_site_name":"Restaurante Xiri","article_publisher":"https:\/\/www.facebook.com\/XiriMonovar\/?locale=es_ES","article_modified_time":"2023-07-03T12:23:05+00:00","twitter_card":"summary_large_image","twitter_misc":{"Estimated reading time":"3 minutes"},"schema":{"@context":"https:\/\/schema.org","@graph":[{"@type":"WebPage","@id":"https:\/\/restaurantexiri.com\/politica-de-privacidad\/","url":"https:\/\/restaurantexiri.com\/politica-de-privacidad\/","name":"Pol\u00edtica de privacidad - Restaurante Xiri","isPartOf":{"@id":"https:\/\/restaurantexiri.com\/#website"},"datePublished":"2019-03-22T10:16:30+00:00","dateModified":"2023-07-03T12:23:05+00:00","breadcrumb":{"@id":"https:\/\/restaurantexiri.com\/politica-de-privacidad\/#breadcrumb"},"inLanguage":"en-GB","potentialAction":[{"@type":"ReadAction","target":["https:\/\/restaurantexiri.com\/politica-de-privacidad\/"]}]},{"@type":"BreadcrumbList","@id":"https:\/\/restaurantexiri.com\/politica-de-privacidad\/#breadcrumb","itemListElement":[{"@type":"ListItem","position":1,"name":"Portada","item":"https:\/\/restaurantexiri.com\/"},{"@type":"ListItem","position":2,"name":"Pol\u00edtica de privacidad"}]},{"@type":"WebSite","@id":"https:\/\/restaurantexiri.com\/#website","url":"https:\/\/restaurantexiri.com\/","name":"Restaurante Xiri","description":"Un restaurante personalidad propia y buenas ra\u00edces","publisher":{"@id":"https:\/\/restaurantexiri.com\/#organization"},"potentialAction":[{"@type":"SearchAction","target":{"@type":"EntryPoint","urlTemplate":"https:\/\/restaurantexiri.com\/?s={search_term_string}"},"query-input":{"@type":"PropertyValueSpecification","valueRequired":true,"valueName":"search_term_string"}}],"inLanguage":"en-GB"},{"@type":"Organization","@id":"https:\/\/restaurantexiri.com\/#organization","name":"Restaurante Xiri","url":"https:\/\/restaurantexiri.com\/","logo":{"@type":"ImageObject","inLanguage":"en-GB","@id":"https:\/\/restaurantexiri.com\/#\/schema\/logo\/image\/","url":"https:\/\/restaurantexiri.com\/wp-content\/uploads\/2023\/06\/logo_xiri.png","contentUrl":"https:\/\/restaurantexiri.com\/wp-content\/uploads\/2023\/06\/logo_xiri.png","width":491,"height":270,"caption":"Restaurante Xiri"},"image":{"@id":"https:\/\/restaurantexiri.com\/#\/schema\/logo\/image\/"},"sameAs":["https:\/\/www.facebook.com\/XiriMonovar\/?locale=es_ES"]}]}},"_links":{"self":[{"href":"https:\/\/restaurantexiri.com\/en\/wp-json\/wp\/v2\/pages\/4878","targetHints":{"allow":["GET"]}}],"collection":[{"href":"https:\/\/restaurantexiri.com\/en\/wp-json\/wp\/v2\/pages"}],"about":[{"href":"https:\/\/restaurantexiri.com\/en\/wp-json\/wp\/v2\/types\/page"}],"author":[{"embeddable":true,"href":"https:\/\/restaurantexiri.com\/en\/wp-json\/wp\/v2\/users\/1"}],"replies":[{"embeddable":true,"href":"https:\/\/restaurantexiri.com\/en\/wp-json\/wp\/v2\/comments?post=4878"}],"version-history":[{"count":23,"href":"https:\/\/restaurantexiri.com\/en\/wp-json\/wp\/v2\/pages\/4878\/revisions"}],"predecessor-version":[{"id":6866,"href":"https:\/\/restaurantexiri.com\/en\/wp-json\/wp\/v2\/pages\/4878\/revisions\/6866"}],"wp:attachment":[{"href":"https:\/\/restaurantexiri.com\/en\/wp-json\/wp\/v2\/media?parent=4878"}],"curies":[{"name":"wp","href":"https:\/\/api.w.org\/{rel}","templated":true}]}}