{"id":143,"date":"2016-08-18T07:47:30","date_gmt":"2016-08-18T07:47:30","guid":{"rendered":"http:\/\/localhost\/dina\/?page_id=143"},"modified":"2023-07-02T20:21:20","modified_gmt":"2023-07-02T18:21:20","slug":"reservas","status":"publish","type":"page","link":"https:\/\/restaurantexiri.com\/en\/reservas\/","title":{"rendered":"RESERVATIONS"},"content":{"rendered":"<div data-elementor-type=\"wp-post\" data-elementor-id=\"143\" class=\"elementor elementor-143\">\n\t\t\t\t\t\t<section class=\"elementor-section elementor-top-section elementor-element elementor-element-fa3cff1 elementor-section-full_width ban elementor-section-height-default elementor-section-height-default wpr-particle-no wpr-jarallax-no wpr-parallax-no wpr-sticky-section-no wpr-equal-height-no\" data-id=\"fa3cff1\" data-element_type=\"section\" data-e-type=\"section\">\n\t\t\t\t\t\t<div class=\"elementor-container elementor-column-gap-default\">\n\t\t\t\t\t<div class=\"elementor-column elementor-col-100 elementor-top-column elementor-element elementor-element-75ee4c6\" data-id=\"75ee4c6\" data-element_type=\"column\" data-e-type=\"column\" data-settings=\"{&quot;background_background&quot;:&quot;classic&quot;}\">\n\t\t\t<div class=\"elementor-widget-wrap elementor-element-populated\">\n\t\t\t\t\t\t<div class=\"elementor-element elementor-element-93d4d03 elementor-widget elementor-widget-heading\" data-id=\"93d4d03\" data-element_type=\"widget\" data-e-type=\"widget\" data-widget_type=\"heading.default\">\n\t\t\t\t<div class=\"elementor-widget-container\">\n\t\t\t\t\t<h2 class=\"elementor-heading-title elementor-size-default\">BOOK NOW<\/h2>\t\t\t\t<\/div>\n\t\t\t\t<\/div>\n\t\t\t\t<div class=\"elementor-element elementor-element-2292ea4 elementor-widget elementor-widget-text-editor\" data-id=\"2292ea4\" data-element_type=\"widget\" data-e-type=\"widget\" data-widget_type=\"text-editor.default\">\n\t\t\t\t<div class=\"elementor-widget-container\">\n\t\t\t\t\t\t\t\t\t<p>You can make your reservation in any of our areas:<\/p>\t\t\t\t\t\t\t\t<\/div>\n\t\t\t\t<\/div>\n\t\t\t\t\t<\/div>\n\t\t<\/div>\n\t\t\t\t\t<\/div>\n\t\t<\/section>\n\t\t\t\t<section class=\"elementor-section elementor-top-section elementor-element elementor-element-4237605 elementor-section-boxed elementor-section-height-default elementor-section-height-default wpr-particle-no wpr-jarallax-no wpr-parallax-no wpr-sticky-section-no wpr-equal-height-no\" data-id=\"4237605\" data-element_type=\"section\" data-e-type=\"section\">\n\t\t\t\t\t\t<div class=\"elementor-container elementor-column-gap-default\">\n\t\t\t\t\t<div class=\"elementor-column elementor-col-100 elementor-top-column elementor-element elementor-element-a7a40ca\" data-id=\"a7a40ca\" data-element_type=\"column\" data-e-type=\"column\">\n\t\t\t<div class=\"elementor-widget-wrap elementor-element-populated\">\n\t\t\t\t\t\t<div class=\"elementor-element elementor-element-222ce8f home-title-el title-headline-el elementor-widget elementor-widget-heading\" data-id=\"222ce8f\" data-element_type=\"widget\" data-e-type=\"widget\" data-widget_type=\"heading.default\">\n\t\t\t\t<div class=\"elementor-widget-container\">\n\t\t\t\t\t<h2 class=\"elementor-heading-title elementor-size-default\">Book<\/h2>\t\t\t\t<\/div>\n\t\t\t\t<\/div>\n\t\t\t\t<div class=\"elementor-element elementor-element-b482562 elementor-widget elementor-widget-text-editor\" data-id=\"b482562\" data-element_type=\"widget\" data-e-type=\"widget\" data-widget_type=\"text-editor.default\">\n\t\t\t\t<div class=\"elementor-widget-container\">\n\t\t\t\t\t\t\t\t\t<p>You can make your reservation in any of our areas:<\/p>\t\t\t\t\t\t\t\t<\/div>\n\t\t\t\t<\/div>\n\t\t\t\t\t<\/div>\n\t\t<\/div>\n\t\t\t\t\t<\/div>\n\t\t<\/section>\n\t\t\t\t<section class=\"elementor-section elementor-top-section elementor-element elementor-element-c0dba56 elementor-section-boxed elementor-section-height-default elementor-section-height-default wpr-particle-no wpr-jarallax-no wpr-parallax-no wpr-sticky-section-no wpr-equal-height-no\" data-id=\"c0dba56\" data-element_type=\"section\" data-e-type=\"section\">\n\t\t\t\t\t\t<div class=\"elementor-container elementor-column-gap-default\">\n\t\t\t\t\t<div class=\"elementor-column elementor-col-33 elementor-top-column elementor-element elementor-element-f85345e\" data-id=\"f85345e\" data-element_type=\"column\" data-e-type=\"column\">\n\t\t\t<div class=\"elementor-widget-wrap elementor-element-populated\">\n\t\t\t\t\t\t<div class=\"elementor-element elementor-element-647470b box-img icon-img elementor-position-top elementor-widget elementor-widget-image-box\" data-id=\"647470b\" data-element_type=\"widget\" data-e-type=\"widget\" data-widget_type=\"image-box.default\">\n\t\t\t\t<div class=\"elementor-widget-container\">\n\t\t\t\t\t<div class=\"elementor-image-box-wrapper\"><figure class=\"elementor-image-box-img\"><a href=\"https:\/\/restaurantexiri.com\/en\/reserva-gastronomica\/\" tabindex=\"-1\"><img fetchpriority=\"high\" decoding=\"async\" width=\"2250\" height=\"2250\" src=\"https:\/\/restaurantexiri.com\/wp-content\/uploads\/2023\/06\/XIRI-ICONS_b3.png\" class=\"attachment-full size-full wp-image-6119\" alt=\"XIRI ICONS_b3\" srcset=\"https:\/\/restaurantexiri.com\/wp-content\/uploads\/2023\/06\/XIRI-ICONS_b3.png 2250w, https:\/\/restaurantexiri.com\/wp-content\/uploads\/2023\/06\/XIRI-ICONS_b3-300x300.png 300w, https:\/\/restaurantexiri.com\/wp-content\/uploads\/2023\/06\/XIRI-ICONS_b3-1024x1024.png 1024w, https:\/\/restaurantexiri.com\/wp-content\/uploads\/2023\/06\/XIRI-ICONS_b3-150x150.png 150w, https:\/\/restaurantexiri.com\/wp-content\/uploads\/2023\/06\/XIRI-ICONS_b3-768x768.png 768w, https:\/\/restaurantexiri.com\/wp-content\/uploads\/2023\/06\/XIRI-ICONS_b3-1536x1536.png 1536w, https:\/\/restaurantexiri.com\/wp-content\/uploads\/2023\/06\/XIRI-ICONS_b3-2048x2048.png 2048w, https:\/\/restaurantexiri.com\/wp-content\/uploads\/2023\/06\/XIRI-ICONS_b3-400x400.png 400w\" sizes=\"(max-width: 2250px) 100vw, 2250px\" \/><\/a><\/figure><div class=\"elementor-image-box-content\"><h5 class=\"elementor-image-box-title\"><a href=\"https:\/\/restaurantexiri.com\/en\/reserva-gastronomica\/\">GASTRO EXPERIENCE<\/a><\/h5><p class=\"elementor-image-box-description\">Submerge yourself in our most refined flavours.<\/p><\/div><\/div>\t\t\t\t<\/div>\n\t\t\t\t<\/div>\n\t\t\t\t<div class=\"elementor-element elementor-element-2d35a56 elementor-align-center elementor-widget elementor-widget-button\" data-id=\"2d35a56\" data-element_type=\"widget\" data-e-type=\"widget\" data-widget_type=\"button.default\">\n\t\t\t\t<div class=\"elementor-widget-container\">\n\t\t\t\t\t\t\t\t\t<div class=\"elementor-button-wrapper\">\n\t\t\t\t\t<a class=\"elementor-button elementor-button-link elementor-size-sm\" href=\"https:\/\/restaurantexiri.com\/en\/reserva-gastronomica\/\">\n\t\t\t\t\t\t<span class=\"elementor-button-content-wrapper\">\n\t\t\t\t\t\t\t\t\t<span class=\"elementor-button-text\">BOOK<\/span>\n\t\t\t\t\t<\/span>\n\t\t\t\t\t<\/a>\n\t\t\t\t<\/div>\n\t\t\t\t\t\t\t\t<\/div>\n\t\t\t\t<\/div>\n\t\t\t\t\t<\/div>\n\t\t<\/div>\n\t\t\t\t<div class=\"elementor-column elementor-col-33 elementor-top-column elementor-element elementor-element-967b4bb\" data-id=\"967b4bb\" data-element_type=\"column\" data-e-type=\"column\">\n\t\t\t<div class=\"elementor-widget-wrap elementor-element-populated\">\n\t\t\t\t\t\t<div class=\"elementor-element elementor-element-031ce97 box-img icon-img elementor-position-top elementor-widget elementor-widget-image-box\" data-id=\"031ce97\" data-element_type=\"widget\" data-e-type=\"widget\" data-widget_type=\"image-box.default\">\n\t\t\t\t<div class=\"elementor-widget-container\">\n\t\t\t\t\t<div class=\"elementor-image-box-wrapper\"><figure class=\"elementor-image-box-img\"><a href=\"https:\/\/restaurantexiri.com\/en\/reserva-terraza\/\" tabindex=\"-1\"><img decoding=\"async\" width=\"150\" height=\"150\" src=\"https:\/\/restaurantexiri.com\/wp-content\/uploads\/2023\/06\/XIRI-ICONS_b2-150x150.png\" class=\"attachment-thumbnail size-thumbnail wp-image-6118\" alt=\"XIRI ICONS_b2\" srcset=\"https:\/\/restaurantexiri.com\/wp-content\/uploads\/2023\/06\/XIRI-ICONS_b2-150x150.png 150w, https:\/\/restaurantexiri.com\/wp-content\/uploads\/2023\/06\/XIRI-ICONS_b2-300x300.png 300w, https:\/\/restaurantexiri.com\/wp-content\/uploads\/2023\/06\/XIRI-ICONS_b2-1024x1024.png 1024w, https:\/\/restaurantexiri.com\/wp-content\/uploads\/2023\/06\/XIRI-ICONS_b2-768x768.png 768w, https:\/\/restaurantexiri.com\/wp-content\/uploads\/2023\/06\/XIRI-ICONS_b2-1536x1536.png 1536w, https:\/\/restaurantexiri.com\/wp-content\/uploads\/2023\/06\/XIRI-ICONS_b2-2048x2048.png 2048w, https:\/\/restaurantexiri.com\/wp-content\/uploads\/2023\/06\/XIRI-ICONS_b2-400x400.png 400w\" sizes=\"(max-width: 150px) 100vw, 150px\" \/><\/a><\/figure><div class=\"elementor-image-box-content\"><h5 class=\"elementor-image-box-title\"><a href=\"https:\/\/restaurantexiri.com\/en\/reserva-terraza\/\">TERRAZA XIRI<\/a><\/h5><p class=\"elementor-image-box-description\">The proposal of the Xiri terrace is our more informal side.<\/p><\/div><\/div>\t\t\t\t<\/div>\n\t\t\t\t<\/div>\n\t\t\t\t<div class=\"elementor-element elementor-element-f0d3cac elementor-align-center elementor-widget elementor-widget-button\" data-id=\"f0d3cac\" data-element_type=\"widget\" data-e-type=\"widget\" data-widget_type=\"button.default\">\n\t\t\t\t<div class=\"elementor-widget-container\">\n\t\t\t\t\t\t\t\t\t<div class=\"elementor-button-wrapper\">\n\t\t\t\t\t<a class=\"elementor-button elementor-button-link elementor-size-sm\" href=\"https:\/\/restaurantexiri.com\/en\/reserva-terraza\/\">\n\t\t\t\t\t\t<span class=\"elementor-button-content-wrapper\">\n\t\t\t\t\t\t\t\t\t<span class=\"elementor-button-text\">BOOK<\/span>\n\t\t\t\t\t<\/span>\n\t\t\t\t\t<\/a>\n\t\t\t\t<\/div>\n\t\t\t\t\t\t\t\t<\/div>\n\t\t\t\t<\/div>\n\t\t\t\t\t<\/div>\n\t\t<\/div>\n\t\t\t\t<div class=\"elementor-column elementor-col-33 elementor-top-column elementor-element elementor-element-29a9c3b\" data-id=\"29a9c3b\" data-element_type=\"column\" data-e-type=\"column\">\n\t\t\t<div class=\"elementor-widget-wrap elementor-element-populated\">\n\t\t\t\t\t\t<div class=\"elementor-element elementor-element-a8fd54e box-img icon-img elementor-position-top elementor-widget elementor-widget-image-box\" data-id=\"a8fd54e\" data-element_type=\"widget\" data-e-type=\"widget\" data-widget_type=\"image-box.default\">\n\t\t\t\t<div class=\"elementor-widget-container\">\n\t\t\t\t\t<div class=\"elementor-image-box-wrapper\"><figure class=\"elementor-image-box-img\"><a href=\"https:\/\/restaurantexiri.com\/en\/pide-online\/\" tabindex=\"-1\"><img decoding=\"async\" width=\"150\" height=\"150\" src=\"https:\/\/restaurantexiri.com\/wp-content\/uploads\/2023\/06\/XIRI-ICONS_b4-150x150.png\" class=\"attachment-thumbnail size-thumbnail wp-image-6116\" alt=\"XIRI ICONS_b4\" srcset=\"https:\/\/restaurantexiri.com\/wp-content\/uploads\/2023\/06\/XIRI-ICONS_b4-150x150.png 150w, https:\/\/restaurantexiri.com\/wp-content\/uploads\/2023\/06\/XIRI-ICONS_b4-300x300.png 300w, https:\/\/restaurantexiri.com\/wp-content\/uploads\/2023\/06\/XIRI-ICONS_b4-1024x1024.png 1024w, https:\/\/restaurantexiri.com\/wp-content\/uploads\/2023\/06\/XIRI-ICONS_b4-768x768.png 768w, https:\/\/restaurantexiri.com\/wp-content\/uploads\/2023\/06\/XIRI-ICONS_b4-1536x1536.png 1536w, https:\/\/restaurantexiri.com\/wp-content\/uploads\/2023\/06\/XIRI-ICONS_b4-2048x2048.png 2048w, https:\/\/restaurantexiri.com\/wp-content\/uploads\/2023\/06\/XIRI-ICONS_b4-400x400.png 400w\" sizes=\"(max-width: 150px) 100vw, 150px\" \/><\/a><\/figure><div class=\"elementor-image-box-content\"><h5 class=\"elementor-image-box-title\"><a href=\"https:\/\/restaurantexiri.com\/en\/pide-online\/\">PIZZERIA<\/a><\/h5><p class=\"elementor-image-box-description\">You can customize the pizza to your linking, order online.<\/p><\/div><\/div>\t\t\t\t<\/div>\n\t\t\t\t<\/div>\n\t\t\t\t<div class=\"elementor-element elementor-element-a9e7e05 elementor-align-center elementor-widget elementor-widget-button\" data-id=\"a9e7e05\" data-element_type=\"widget\" data-e-type=\"widget\" data-widget_type=\"button.default\">\n\t\t\t\t<div class=\"elementor-widget-container\">\n\t\t\t\t\t\t\t\t\t<div class=\"elementor-button-wrapper\">\n\t\t\t\t\t<a class=\"elementor-button elementor-button-link elementor-size-sm\" href=\"https:\/\/restaurantexiri.com\/en\/pide-online\/\">\n\t\t\t\t\t\t<span class=\"elementor-button-content-wrapper\">\n\t\t\t\t\t\t\t\t\t<span class=\"elementor-button-text\">ORDER<\/span>\n\t\t\t\t\t<\/span>\n\t\t\t\t\t<\/a>\n\t\t\t\t<\/div>\n\t\t\t\t\t\t\t\t<\/div>\n\t\t\t\t<\/div>\n\t\t\t\t\t<\/div>\n\t\t<\/div>\n\t\t\t\t\t<\/div>\n\t\t<\/section>\n\t\t\t\t<\/div>","protected":false},"excerpt":{"rendered":"<p>RESERVAS Reserva en nuestros diferentes espacios HAZ TU RESERVA Puedes reservar en cualquiera de nuestros espacios: GASTRON\u00d3MICO Embri\u00e1gate con nuestros sabores m\u00e1s refinados RESERVAR TERRAZA XIRI La propuesta de la terraza del Xiri es nuestro lado m\u00e1s informal RESERVAR PIZZER\u00cdA Puedes personalizarte la pizza a tu gusto, pide online PEDIDOS<\/p>","protected":false},"author":1,"featured_media":0,"parent":0,"menu_order":0,"comment_status":"closed","ping_status":"closed","template":"my-templates\/template-home-elementor.php","meta":{"footnotes":""},"class_list":["post-143","page","type-page","status-publish","hentry"],"acf":[],"yoast_head":"<!-- This site is optimized with the Yoast SEO plugin v27.5 - https:\/\/yoast.com\/product\/yoast-seo-wordpress\/ -->\n<title>Reservas - Restaurante Xiri<\/title>\n<meta name=\"robots\" content=\"index, follow, max-snippet:-1, max-image-preview:large, max-video-preview:-1\" \/>\n<link rel=\"canonical\" href=\"https:\/\/restaurantexiri.com\/en\/reservas\/\" \/>\n<meta property=\"og:locale\" content=\"en_GB\" \/>\n<meta property=\"og:type\" content=\"article\" \/>\n<meta property=\"og:title\" content=\"Reservas - Restaurante Xiri\" \/>\n<meta property=\"og:description\" content=\"RESERVAS Reserva en nuestros diferentes espacios HAZ TU RESERVA Puedes reservar en cualquiera de nuestros espacios: GASTRON\u00d3MICO Embri\u00e1gate con nuestros sabores m\u00e1s refinados RESERVAR TERRAZA XIRI La propuesta de la terraza del Xiri es nuestro lado m\u00e1s informal RESERVAR PIZZER\u00cdA Puedes personalizarte la pizza a tu gusto, pide online PEDIDOS\" \/>\n<meta property=\"og:url\" content=\"https:\/\/restaurantexiri.com\/en\/reservas\/\" \/>\n<meta property=\"og:site_name\" content=\"Restaurante Xiri\" \/>\n<meta property=\"article:publisher\" content=\"https:\/\/www.facebook.com\/XiriMonovar\/?locale=es_ES\" \/>\n<meta property=\"article:modified_time\" content=\"2023-07-02T18:21:20+00:00\" \/>\n<meta property=\"og:image\" content=\"https:\/\/restaurantexiri.com\/wp-content\/uploads\/2023\/06\/XIRI-ICONS_b3.png\" \/>\n<meta name=\"twitter:card\" content=\"summary_large_image\" \/>\n<script type=\"application\/ld+json\" class=\"yoast-schema-graph\">{\"@context\":\"https:\\\/\\\/schema.org\",\"@graph\":[{\"@type\":\"WebPage\",\"@id\":\"https:\\\/\\\/restaurantexiri.com\\\/reservas\\\/\",\"url\":\"https:\\\/\\\/restaurantexiri.com\\\/reservas\\\/\",\"name\":\"Reservas - Restaurante Xiri\",\"isPartOf\":{\"@id\":\"https:\\\/\\\/restaurantexiri.com\\\/#website\"},\"primaryImageOfPage\":{\"@id\":\"https:\\\/\\\/restaurantexiri.com\\\/reservas\\\/#primaryimage\"},\"image\":{\"@id\":\"https:\\\/\\\/restaurantexiri.com\\\/reservas\\\/#primaryimage\"},\"thumbnailUrl\":\"https:\\\/\\\/restaurantexiri.com\\\/wp-content\\\/uploads\\\/2023\\\/06\\\/XIRI-ICONS_b3.png\",\"datePublished\":\"2016-08-18T07:47:30+00:00\",\"dateModified\":\"2023-07-02T18:21:20+00:00\",\"breadcrumb\":{\"@id\":\"https:\\\/\\\/restaurantexiri.com\\\/reservas\\\/#breadcrumb\"},\"inLanguage\":\"en-GB\",\"potentialAction\":[{\"@type\":\"ReadAction\",\"target\":[\"https:\\\/\\\/restaurantexiri.com\\\/reservas\\\/\"]}]},{\"@type\":\"ImageObject\",\"inLanguage\":\"en-GB\",\"@id\":\"https:\\\/\\\/restaurantexiri.com\\\/reservas\\\/#primaryimage\",\"url\":\"https:\\\/\\\/restaurantexiri.com\\\/wp-content\\\/uploads\\\/2023\\\/06\\\/XIRI-ICONS_b3.png\",\"contentUrl\":\"https:\\\/\\\/restaurantexiri.com\\\/wp-content\\\/uploads\\\/2023\\\/06\\\/XIRI-ICONS_b3.png\"},{\"@type\":\"BreadcrumbList\",\"@id\":\"https:\\\/\\\/restaurantexiri.com\\\/reservas\\\/#breadcrumb\",\"itemListElement\":[{\"@type\":\"ListItem\",\"position\":1,\"name\":\"Portada\",\"item\":\"https:\\\/\\\/restaurantexiri.com\\\/\"},{\"@type\":\"ListItem\",\"position\":2,\"name\":\"Reservas\"}]},{\"@type\":\"WebSite\",\"@id\":\"https:\\\/\\\/restaurantexiri.com\\\/#website\",\"url\":\"https:\\\/\\\/restaurantexiri.com\\\/\",\"name\":\"Restaurante Xiri\",\"description\":\"Un restaurante personalidad propia y buenas ra\u00edces\",\"publisher\":{\"@id\":\"https:\\\/\\\/restaurantexiri.com\\\/#organization\"},\"potentialAction\":[{\"@type\":\"SearchAction\",\"target\":{\"@type\":\"EntryPoint\",\"urlTemplate\":\"https:\\\/\\\/restaurantexiri.com\\\/?s={search_term_string}\"},\"query-input\":{\"@type\":\"PropertyValueSpecification\",\"valueRequired\":true,\"valueName\":\"search_term_string\"}}],\"inLanguage\":\"en-GB\"},{\"@type\":\"Organization\",\"@id\":\"https:\\\/\\\/restaurantexiri.com\\\/#organization\",\"name\":\"Restaurante Xiri\",\"url\":\"https:\\\/\\\/restaurantexiri.com\\\/\",\"logo\":{\"@type\":\"ImageObject\",\"inLanguage\":\"en-GB\",\"@id\":\"https:\\\/\\\/restaurantexiri.com\\\/#\\\/schema\\\/logo\\\/image\\\/\",\"url\":\"https:\\\/\\\/restaurantexiri.com\\\/wp-content\\\/uploads\\\/2023\\\/06\\\/logo_xiri.png\",\"contentUrl\":\"https:\\\/\\\/restaurantexiri.com\\\/wp-content\\\/uploads\\\/2023\\\/06\\\/logo_xiri.png\",\"width\":491,\"height\":270,\"caption\":\"Restaurante Xiri\"},\"image\":{\"@id\":\"https:\\\/\\\/restaurantexiri.com\\\/#\\\/schema\\\/logo\\\/image\\\/\"},\"sameAs\":[\"https:\\\/\\\/www.facebook.com\\\/XiriMonovar\\\/?locale=es_ES\"]}]}<\/script>\n<!-- \/ Yoast SEO plugin. -->","yoast_head_json":{"title":"Reservas - Restaurante Xiri","robots":{"index":"index","follow":"follow","max-snippet":"max-snippet:-1","max-image-preview":"max-image-preview:large","max-video-preview":"max-video-preview:-1"},"canonical":"https:\/\/restaurantexiri.com\/en\/reservas\/","og_locale":"en_GB","og_type":"article","og_title":"Reservas - Restaurante Xiri","og_description":"RESERVAS Reserva en nuestros diferentes espacios HAZ TU RESERVA Puedes reservar en cualquiera de nuestros espacios: GASTRON\u00d3MICO Embri\u00e1gate con nuestros sabores m\u00e1s refinados RESERVAR TERRAZA XIRI La propuesta de la terraza del Xiri es nuestro lado m\u00e1s informal RESERVAR PIZZER\u00cdA Puedes personalizarte la pizza a tu gusto, pide online PEDIDOS","og_url":"https:\/\/restaurantexiri.com\/en\/reservas\/","og_site_name":"Restaurante Xiri","article_publisher":"https:\/\/www.facebook.com\/XiriMonovar\/?locale=es_ES","article_modified_time":"2023-07-02T18:21:20+00:00","og_image":[{"url":"https:\/\/restaurantexiri.com\/wp-content\/uploads\/2023\/06\/XIRI-ICONS_b3.png","type":"","width":"","height":""}],"twitter_card":"summary_large_image","schema":{"@context":"https:\/\/schema.org","@graph":[{"@type":"WebPage","@id":"https:\/\/restaurantexiri.com\/reservas\/","url":"https:\/\/restaurantexiri.com\/reservas\/","name":"Reservas - Restaurante Xiri","isPartOf":{"@id":"https:\/\/restaurantexiri.com\/#website"},"primaryImageOfPage":{"@id":"https:\/\/restaurantexiri.com\/reservas\/#primaryimage"},"image":{"@id":"https:\/\/restaurantexiri.com\/reservas\/#primaryimage"},"thumbnailUrl":"https:\/\/restaurantexiri.com\/wp-content\/uploads\/2023\/06\/XIRI-ICONS_b3.png","datePublished":"2016-08-18T07:47:30+00:00","dateModified":"2023-07-02T18:21:20+00:00","breadcrumb":{"@id":"https:\/\/restaurantexiri.com\/reservas\/#breadcrumb"},"inLanguage":"en-GB","potentialAction":[{"@type":"ReadAction","target":["https:\/\/restaurantexiri.com\/reservas\/"]}]},{"@type":"ImageObject","inLanguage":"en-GB","@id":"https:\/\/restaurantexiri.com\/reservas\/#primaryimage","url":"https:\/\/restaurantexiri.com\/wp-content\/uploads\/2023\/06\/XIRI-ICONS_b3.png","contentUrl":"https:\/\/restaurantexiri.com\/wp-content\/uploads\/2023\/06\/XIRI-ICONS_b3.png"},{"@type":"BreadcrumbList","@id":"https:\/\/restaurantexiri.com\/reservas\/#breadcrumb","itemListElement":[{"@type":"ListItem","position":1,"name":"Portada","item":"https:\/\/restaurantexiri.com\/"},{"@type":"ListItem","position":2,"name":"Reservas"}]},{"@type":"WebSite","@id":"https:\/\/restaurantexiri.com\/#website","url":"https:\/\/restaurantexiri.com\/","name":"Restaurante Xiri","description":"Un restaurante personalidad propia y buenas ra\u00edces","publisher":{"@id":"https:\/\/restaurantexiri.com\/#organization"},"potentialAction":[{"@type":"SearchAction","target":{"@type":"EntryPoint","urlTemplate":"https:\/\/restaurantexiri.com\/?s={search_term_string}"},"query-input":{"@type":"PropertyValueSpecification","valueRequired":true,"valueName":"search_term_string"}}],"inLanguage":"en-GB"},{"@type":"Organization","@id":"https:\/\/restaurantexiri.com\/#organization","name":"Restaurante Xiri","url":"https:\/\/restaurantexiri.com\/","logo":{"@type":"ImageObject","inLanguage":"en-GB","@id":"https:\/\/restaurantexiri.com\/#\/schema\/logo\/image\/","url":"https:\/\/restaurantexiri.com\/wp-content\/uploads\/2023\/06\/logo_xiri.png","contentUrl":"https:\/\/restaurantexiri.com\/wp-content\/uploads\/2023\/06\/logo_xiri.png","width":491,"height":270,"caption":"Restaurante Xiri"},"image":{"@id":"https:\/\/restaurantexiri.com\/#\/schema\/logo\/image\/"},"sameAs":["https:\/\/www.facebook.com\/XiriMonovar\/?locale=es_ES"]}]}},"_links":{"self":[{"href":"https:\/\/restaurantexiri.com\/en\/wp-json\/wp\/v2\/pages\/143","targetHints":{"allow":["GET"]}}],"collection":[{"href":"https:\/\/restaurantexiri.com\/en\/wp-json\/wp\/v2\/pages"}],"about":[{"href":"https:\/\/restaurantexiri.com\/en\/wp-json\/wp\/v2\/types\/page"}],"author":[{"embeddable":true,"href":"https:\/\/restaurantexiri.com\/en\/wp-json\/wp\/v2\/users\/1"}],"replies":[{"embeddable":true,"href":"https:\/\/restaurantexiri.com\/en\/wp-json\/wp\/v2\/comments?post=143"}],"version-history":[{"count":35,"href":"https:\/\/restaurantexiri.com\/en\/wp-json\/wp\/v2\/pages\/143\/revisions"}],"predecessor-version":[{"id":6578,"href":"https:\/\/restaurantexiri.com\/en\/wp-json\/wp\/v2\/pages\/143\/revisions\/6578"}],"wp:attachment":[{"href":"https:\/\/restaurantexiri.com\/en\/wp-json\/wp\/v2\/media?parent=143"}],"curies":[{"name":"wp","href":"https:\/\/api.w.org\/{rel}","templated":true}]}}